{"id":977,"date":"2024-10-30T17:41:38","date_gmt":"2024-10-30T16:41:38","guid":{"rendered":"https:\/\/west-coastentin.com\/?page_id=977"},"modified":"2024-10-30T17:54:39","modified_gmt":"2024-10-30T16:54:39","slug":"west-rep","status":"publish","type":"page","link":"https:\/\/west-coastentin.com\/index.php\/west-rep\/","title":{"rendered":"WEST REP"},"content":{"rendered":"\t\t<div data-elementor-type=\"wp-page\" data-elementor-id=\"977\" class=\"elementor elementor-977\">\n\t\t\t\t<div class=\"elementor-element elementor-element-5090077 e-flex e-con-boxed e-con e-parent\" data-id=\"5090077\" data-element_type=\"container\">\n\t\t\t\t\t<div class=\"e-con-inner\">\n\t\t\t\t<div class=\"elementor-element elementor-element-74eb05d elementor-widget elementor-widget-heading\" data-id=\"74eb05d\" data-element_type=\"widget\" data-widget_type=\"heading.default\">\n\t\t\t\t<div class=\"elementor-widget-container\">\n\t\t\t<style>\/*! elementor - v3.23.0 - 15-07-2024 *\/\n.elementor-heading-title{padding:0;margin:0;line-height:1}.elementor-widget-heading .elementor-heading-title[class*=elementor-size-]>a{color:inherit;font-size:inherit;line-height:inherit}.elementor-widget-heading .elementor-heading-title.elementor-size-small{font-size:15px}.elementor-widget-heading .elementor-heading-title.elementor-size-medium{font-size:19px}.elementor-widget-heading .elementor-heading-title.elementor-size-large{font-size:29px}.elementor-widget-heading .elementor-heading-title.elementor-size-xl{font-size:39px}.elementor-widget-heading .elementor-heading-title.elementor-size-xxl{font-size:59px}<\/style><h2 class=\"elementor-heading-title elementor-size-default\">REPARATIONS BOARD ET BATEAUX <\/h2>\t\t<\/div>\n\t\t\t\t<\/div>\n\t\t<div class=\"elementor-element elementor-element-816cf54 e-con-full e-flex e-con e-child\" data-id=\"816cf54\" data-element_type=\"container\">\n\t\t\t\t<div class=\"elementor-element elementor-element-4eb8ff7 elementor-widget elementor-widget-text-editor\" data-id=\"4eb8ff7\" data-element_type=\"widget\" data-widget_type=\"text-editor.default\">\n\t\t\t\t<div class=\"elementor-widget-container\">\n\t\t\t<style>\/*! elementor - v3.23.0 - 15-07-2024 *\/\n.elementor-widget-text-editor.elementor-drop-cap-view-stacked .elementor-drop-cap{background-color:#69727d;color:#fff}.elementor-widget-text-editor.elementor-drop-cap-view-framed .elementor-drop-cap{color:#69727d;border:3px solid;background-color:transparent}.elementor-widget-text-editor:not(.elementor-drop-cap-view-default) .elementor-drop-cap{margin-top:8px}.elementor-widget-text-editor:not(.elementor-drop-cap-view-default) .elementor-drop-cap-letter{width:1em;height:1em}.elementor-widget-text-editor .elementor-drop-cap{float:left;text-align:center;line-height:1;font-size:50px}.elementor-widget-text-editor .elementor-drop-cap-letter{display:inline-block}<\/style>\t\t\t\t<p><strong>West-coastentin<\/strong> reprend une des activit\u00e9s de la voilerie <strong>GSAIL<\/strong> dont j&rsquo;\u00e9tais le boss. Ayant encore le mat\u00e9riel et ayant les comp\u00e9tences, je repropose ces services:<\/p><p><strong>SOUDURE PLASTIQUE<\/strong> pour tout ce qui est kayaks, petits catamarans, bateaux de s\u00e9curit\u00e9, en g\u00e9n\u00e9rale tous les engins en poly\u00e9thyl\u00e8ne.\u00a0<\/p><p><strong>REPARATIONS STRATIFIEES:<\/strong> boards funboard, surf kite, paddle, board wing pour l&rsquo;epoxy, \u00e9ventuellement coque de d\u00e9riveurs et bateaux, jet ski, mais aussi les car\u00e9nages d&rsquo;ULM pour le polyester. La cr\u00e9ation de pi\u00e8ces proto est possible.<\/p><p><strong>SEMI RIGIDE:<\/strong> R\u00e9parations tr\u00e8s sp\u00e9cifiques n\u00e9cessitant des comp\u00e9tences par rapport aux proc\u00e9dures de r\u00e9parations, j&rsquo;ai fait beaucoup de r\u00e9parations dans mes exp\u00e9riences professionnelles dans le nautisme. Les semi rigides trop usag\u00e9s avec la mati\u00e8re premi\u00e8re cuite par les UV, ne seront pas pris en charge.<\/p><p>Toutes les r\u00e9parations demand\u00e9es g\u00e9n\u00e8reront un devis pr\u00e9cis. Si l&rsquo;estimation des r\u00e9parations n&rsquo;est pas possible avec des photos une visualisation physique sera n\u00e9cessaire.<\/p>\t\t\t\t\t\t<\/div>\n\t\t\t\t<\/div>\n\t\t<div class=\"elementor-element elementor-element-584f94c e-con-full e-flex e-con e-child\" data-id=\"584f94c\" data-element_type=\"container\">\n\t\t\t\t<div class=\"elementor-element elementor-element-df2c137 elementor-position-right elementor-vertical-align-top elementor-widget elementor-widget-image-box\" data-id=\"df2c137\" data-element_type=\"widget\" data-widget_type=\"image-box.default\">\n\t\t\t\t<div class=\"elementor-widget-container\">\n\t\t\t<style>\/*! elementor - v3.23.0 - 15-07-2024 *\/\n.elementor-widget-image-box .elementor-image-box-content{width:100%}@media (min-width:768px){.elementor-widget-image-box.elementor-position-left .elementor-image-box-wrapper,.elementor-widget-image-box.elementor-position-right .elementor-image-box-wrapper{display:flex}.elementor-widget-image-box.elementor-position-right .elementor-image-box-wrapper{text-align:end;flex-direction:row-reverse}.elementor-widget-image-box.elementor-position-left .elementor-image-box-wrapper{text-align:start;flex-direction:row}.elementor-widget-image-box.elementor-position-top .elementor-image-box-img{margin:auto}.elementor-widget-image-box.elementor-vertical-align-top .elementor-image-box-wrapper{align-items:flex-start}.elementor-widget-image-box.elementor-vertical-align-middle .elementor-image-box-wrapper{align-items:center}.elementor-widget-image-box.elementor-vertical-align-bottom .elementor-image-box-wrapper{align-items:flex-end}}@media (max-width:767px){.elementor-widget-image-box .elementor-image-box-img{margin-left:auto!important;margin-right:auto!important;margin-bottom:15px}}.elementor-widget-image-box .elementor-image-box-img{display:inline-block}.elementor-widget-image-box .elementor-image-box-title a{color:inherit}.elementor-widget-image-box .elementor-image-box-wrapper{text-align:center}.elementor-widget-image-box .elementor-image-box-description{margin:0}<\/style><div class=\"elementor-image-box-wrapper\"><figure class=\"elementor-image-box-img\"><img fetchpriority=\"high\" decoding=\"async\" width=\"1824\" height=\"1216\" src=\"https:\/\/west-coastentin.com\/wp-content\/uploads\/2024\/10\/IMGP6953-1.jpg\" class=\"attachment-full size-full wp-image-980\" alt=\"R2PARATION DE BOARD WEST COAST\" srcset=\"https:\/\/west-coastentin.com\/wp-content\/uploads\/2024\/10\/IMGP6953-1.jpg 1824w, https:\/\/west-coastentin.com\/wp-content\/uploads\/2024\/10\/IMGP6953-1-400x267.jpg 400w, https:\/\/west-coastentin.com\/wp-content\/uploads\/2024\/10\/IMGP6953-1-1024x683.jpg 1024w, https:\/\/west-coastentin.com\/wp-content\/uploads\/2024\/10\/IMGP6953-1-768x512.jpg 768w, https:\/\/west-coastentin.com\/wp-content\/uploads\/2024\/10\/IMGP6953-1-1536x1024.jpg 1536w, https:\/\/west-coastentin.com\/wp-content\/uploads\/2024\/10\/IMGP6953-1-600x400.jpg 600w\" sizes=\"(max-width: 1824px) 100vw, 1824px\" \/><\/figure><div class=\"elementor-image-box-content\"><h3 class=\"elementor-image-box-title\">SOUDURES PLASTIQUE<\/h3><p class=\"elementor-image-box-description\">N\u00e9cessitant du mat\u00e9riel sp\u00e9cifique et des process de r\u00e9paration tout aussi technique, le respect des temp\u00e9ratures en fonction des mat\u00e9riaux est important. \nA savoir que les plastiques trop fin ne sont pas r\u00e9parables par soudures ( bas de caisse camping cars, coffres de caravanes ). Si je fais une r\u00e9paration, elle sera solide, l'\u00e9paisseur de mati\u00e8re est  important pour que la soudure soit efficace.<\/p><\/div><\/div>\t\t<\/div>\n\t\t\t\t<\/div>\n\t\t<div class=\"elementor-element elementor-element-8b91c2b e-con-full e-flex e-con e-child\" data-id=\"8b91c2b\" data-element_type=\"container\">\n\t\t\t\t<div class=\"elementor-element elementor-element-2284e49 elementor-position-left elementor-vertical-align-middle elementor-widget elementor-widget-image-box\" data-id=\"2284e49\" data-element_type=\"widget\" data-widget_type=\"image-box.default\">\n\t\t\t\t<div class=\"elementor-widget-container\">\n\t\t\t<div class=\"elementor-image-box-wrapper\"><figure class=\"elementor-image-box-img\"><img decoding=\"async\" width=\"756\" height=\"400\" src=\"https:\/\/west-coastentin.com\/wp-content\/uploads\/2024\/10\/repair-autogire3.jpg\" class=\"attachment-full size-full wp-image-981\" alt=\"\" srcset=\"https:\/\/west-coastentin.com\/wp-content\/uploads\/2024\/10\/repair-autogire3.jpg 756w, https:\/\/west-coastentin.com\/wp-content\/uploads\/2024\/10\/repair-autogire3-400x212.jpg 400w, https:\/\/west-coastentin.com\/wp-content\/uploads\/2024\/10\/repair-autogire3-600x317.jpg 600w\" sizes=\"(max-width: 756px) 100vw, 756px\" \/><\/figure><div class=\"elementor-image-box-content\"><h3 class=\"elementor-image-box-title\">RAPARATIONS STRATIFIEES<\/h3><p class=\"elementor-image-box-description\">Tout le monde pense pouvoir \"tartiner\" de la r\u00e9sine et r\u00e9parer une coque, une r\u00e9paration n'est pas prendre a la l\u00e9g\u00e8re, la pr\u00e9sence de crics sous le gelcoat peut cr\u00e9er des faiblesses et rendre le bateau dangereux si ce n'est pas r\u00e9par\u00e9.. Les process de r\u00e9parations doivent \u00eatre respect\u00e9s.....Faite votre demande et je vous proposerais une r\u00e9paration.<\/p><\/div><\/div>\t\t<\/div>\n\t\t\t\t<\/div>\n\t\t<div class=\"elementor-element elementor-element-bb6212b e-con-full e-flex e-con e-child\" data-id=\"bb6212b\" data-element_type=\"container\">\n\t\t\t\t<div class=\"elementor-element elementor-element-c434eb9 elementor-position-right elementor-vertical-align-middle elementor-widget elementor-widget-image-box\" data-id=\"c434eb9\" data-element_type=\"widget\" data-widget_type=\"image-box.default\">\n\t\t\t\t<div class=\"elementor-widget-container\">\n\t\t\t<div class=\"elementor-image-box-wrapper\"><figure class=\"elementor-image-box-img\"><img decoding=\"async\" width=\"991\" height=\"767\" src=\"https:\/\/west-coastentin.com\/wp-content\/uploads\/2024\/10\/semi-rigide.jpg\" class=\"attachment-full size-full wp-image-982\" alt=\"Reparation west coastentin\" srcset=\"https:\/\/west-coastentin.com\/wp-content\/uploads\/2024\/10\/semi-rigide.jpg 991w, https:\/\/west-coastentin.com\/wp-content\/uploads\/2024\/10\/semi-rigide-400x310.jpg 400w, https:\/\/west-coastentin.com\/wp-content\/uploads\/2024\/10\/semi-rigide-768x594.jpg 768w, https:\/\/west-coastentin.com\/wp-content\/uploads\/2024\/10\/semi-rigide-600x464.jpg 600w\" sizes=\"(max-width: 991px) 100vw, 991px\" \/><\/figure><div class=\"elementor-image-box-content\"><h3 class=\"elementor-image-box-title\">REPARATIONS SEMI RIGIDES<\/h3><p class=\"elementor-image-box-description\">PVC ou IPALON, deux mat\u00e9riaux diff\u00e9rents, avec des colles diff\u00e9rentes. Des proc\u00e9dures bien sp\u00e9cifiques pour des r\u00e9parations qui tienne la mer. \nNon une r\u00e9paration \u00e0 la colle n\u00e9opr\u00e8ne ne tient pas sur un semi rigide, cette utilisation n\u00e9cessite un nettoyage compliqu\u00e9 qui coute cher et affaibli la mati\u00e8re premi\u00e8re..\nLes bateaux trop anciens ne seront pas pris en charges, lorsque la mati\u00e8re premi\u00e8re est cuite, la r\u00e9paration est inutile  et \u00e9ventuellement dangereuse...<\/p><\/div><\/div>\t\t<\/div>\n\t\t\t\t<\/div>\n\t\t\t\t<\/div>\n\t\t\t\t<\/div>\n\t\t\t\t<\/div>\n\t\t\t\t<\/div>\n\t\t\t\t\t<\/div>\n\t\t\t\t<\/div>\n\t\t\t\t<\/div>\n\t\t","protected":false},"excerpt":{"rendered":"<p>REPARATIONS BOARD ET BATEAUX West-coastentin reprend une des activit\u00e9s de la voilerie GSAIL dont j&rsquo;\u00e9tais le boss. Ayant encore le mat\u00e9riel et ayant les comp\u00e9tences, je repropose ces services: SOUDURE PLASTIQUE pour tout ce qui est kayaks, petits catamarans, bateaux de s\u00e9curit\u00e9, en g\u00e9n\u00e9rale tous les engins en poly\u00e9thyl\u00e8ne.\u00a0 REPARATIONS STRATIFIEES: boards funboard, surf kite, [&hellip;]<\/p>\n","protected":false},"author":1,"featured_media":0,"parent":0,"menu_order":0,"comment_status":"closed","ping_status":"closed","template":"","meta":{"footnotes":""},"class_list":["post-977","page","type-page","status-publish","hentry","entry","owp-thumbs-layout-horizontal","owp-btn-normal","owp-tabs-layout-horizontal","has-no-thumbnails","has-product-nav"],"_links":{"self":[{"href":"https:\/\/west-coastentin.com\/index.php\/wp-json\/wp\/v2\/pages\/977","targetHints":{"allow":["GET"]}}],"collection":[{"href":"https:\/\/west-coastentin.com\/index.php\/wp-json\/wp\/v2\/pages"}],"about":[{"href":"https:\/\/west-coastentin.com\/index.php\/wp-json\/wp\/v2\/types\/page"}],"author":[{"embeddable":true,"href":"https:\/\/west-coastentin.com\/index.php\/wp-json\/wp\/v2\/users\/1"}],"replies":[{"embeddable":true,"href":"https:\/\/west-coastentin.com\/index.php\/wp-json\/wp\/v2\/comments?post=977"}],"version-history":[{"count":13,"href":"https:\/\/west-coastentin.com\/index.php\/wp-json\/wp\/v2\/pages\/977\/revisions"}],"predecessor-version":[{"id":1001,"href":"https:\/\/west-coastentin.com\/index.php\/wp-json\/wp\/v2\/pages\/977\/revisions\/1001"}],"wp:attachment":[{"href":"https:\/\/west-coastentin.com\/index.php\/wp-json\/wp\/v2\/media?parent=977"}],"curies":[{"name":"wp","href":"https:\/\/api.w.org\/{rel}","templated":true}]}}