{"id":843,"date":"2024-08-24T19:11:22","date_gmt":"2024-08-24T17:11:22","guid":{"rendered":"https:\/\/west-coastentin.com\/?page_id=843"},"modified":"2024-10-07T11:48:47","modified_gmt":"2024-10-07T09:48:47","slug":"ecolokite","status":"publish","type":"page","link":"https:\/\/west-coastentin.com\/index.php\/ecolokite\/","title":{"rendered":"ECOLOKITE"},"content":{"rendered":"\t\t<div data-elementor-type=\"wp-page\" data-elementor-id=\"843\" class=\"elementor elementor-843\">\n\t\t\t\t<div class=\"elementor-element elementor-element-69ed666 e-flex e-con-boxed e-con e-parent\" data-id=\"69ed666\" data-element_type=\"container\">\n\t\t\t\t\t<div class=\"e-con-inner\">\n\t\t\t\t<div class=\"elementor-element elementor-element-b8f1dbc elementor-widget elementor-widget-heading\" data-id=\"b8f1dbc\" data-element_type=\"widget\" data-widget_type=\"heading.default\">\n\t\t\t\t<div class=\"elementor-widget-container\">\n\t\t\t<style>\/*! elementor - v3.23.0 - 15-07-2024 *\/\n.elementor-heading-title{padding:0;margin:0;line-height:1}.elementor-widget-heading .elementor-heading-title[class*=elementor-size-]>a{color:inherit;font-size:inherit;line-height:inherit}.elementor-widget-heading .elementor-heading-title.elementor-size-small{font-size:15px}.elementor-widget-heading .elementor-heading-title.elementor-size-medium{font-size:19px}.elementor-widget-heading .elementor-heading-title.elementor-size-large{font-size:29px}.elementor-widget-heading .elementor-heading-title.elementor-size-xl{font-size:39px}.elementor-widget-heading .elementor-heading-title.elementor-size-xxl{font-size:59px}<\/style><h2 class=\"elementor-heading-title elementor-size-default\">KITE ET ECOLOGIE<\/h2>\t\t<\/div>\n\t\t\t\t<\/div>\n\t\t<div class=\"elementor-element elementor-element-3b825bd e-con-full e-flex e-con e-child\" data-id=\"3b825bd\" data-element_type=\"container\">\n\t\t\t\t<div class=\"elementor-element elementor-element-c0f1628 elementor-widget elementor-widget-text-editor\" data-id=\"c0f1628\" data-element_type=\"widget\" data-widget_type=\"text-editor.default\">\n\t\t\t\t<div class=\"elementor-widget-container\">\n\t\t\t<style>\/*! elementor - v3.23.0 - 15-07-2024 *\/\n.elementor-widget-text-editor.elementor-drop-cap-view-stacked .elementor-drop-cap{background-color:#69727d;color:#fff}.elementor-widget-text-editor.elementor-drop-cap-view-framed .elementor-drop-cap{color:#69727d;border:3px solid;background-color:transparent}.elementor-widget-text-editor:not(.elementor-drop-cap-view-default) .elementor-drop-cap{margin-top:8px}.elementor-widget-text-editor:not(.elementor-drop-cap-view-default) .elementor-drop-cap-letter{width:1em;height:1em}.elementor-widget-text-editor .elementor-drop-cap{float:left;text-align:center;line-height:1;font-size:50px}.elementor-widget-text-editor .elementor-drop-cap-letter{display:inline-block}<\/style>\t\t\t\t<p>Nous, pratiquant de sports de glisse sur nos c\u00f4tes, et pour certains d&rsquo;entre nous, du monde entier, nous pouvons voir les millions de tonnes de r\u00e9sidus sur les plages&#8230;C&rsquo;est choquant, tr\u00e8s choquant&#8230; Et ce n&rsquo;est jamais personne. Tout le monde se rejette la responsabilit\u00e9 et surtout, <strong>personne ne fait rien.<\/strong> Tout le monde attends que l&rsquo;autre le fasse, mais c&rsquo;est l&rsquo;affaire de tous, c&rsquo;est notre plan\u00e8te, nos terrains de jeux qui sont souill\u00e9s, nos tortues marines, nos c\u00e9tac\u00e9s qui s&rsquo;\u00e9touffent avec des sac plastiques, se noient dans les r\u00e9sidus de filets, et les micro particules de plastiques qui finisse dans nos assiettes car ing\u00e9r\u00e9es par les poissons que l&rsquo;on mange.<\/p>\t\t\t\t\t\t<\/div>\n\t\t\t\t<\/div>\n\t\t<div class=\"elementor-element elementor-element-fc207d7 e-con-full e-flex e-con e-child\" data-id=\"fc207d7\" data-element_type=\"container\">\n\t\t\t\t<div class=\"elementor-element elementor-element-3d46fe5 elementor-widget elementor-widget-image\" data-id=\"3d46fe5\" data-element_type=\"widget\" data-widget_type=\"image.default\">\n\t\t\t\t<div class=\"elementor-widget-container\">\n\t\t\t<style>\/*! elementor - v3.23.0 - 15-07-2024 *\/\n.elementor-widget-image{text-align:center}.elementor-widget-image a{display:inline-block}.elementor-widget-image a img[src$=\".svg\"]{width:48px}.elementor-widget-image img{vertical-align:middle;display:inline-block}<\/style>\t\t\t\t\t\t\t\t\t\t<img fetchpriority=\"high\" decoding=\"async\" width=\"1024\" height=\"573\" src=\"https:\/\/west-coastentin.com\/wp-content\/uploads\/2024\/08\/IMGP7526-1024x573.jpg\" class=\"attachment-large size-large wp-image-845\" alt=\"\u00e9cologie du kite\" srcset=\"https:\/\/west-coastentin.com\/wp-content\/uploads\/2024\/08\/IMGP7526-1024x573.jpg 1024w, https:\/\/west-coastentin.com\/wp-content\/uploads\/2024\/08\/IMGP7526-400x224.jpg 400w, https:\/\/west-coastentin.com\/wp-content\/uploads\/2024\/08\/IMGP7526-768x430.jpg 768w, https:\/\/west-coastentin.com\/wp-content\/uploads\/2024\/08\/IMGP7526-1536x860.jpg 1536w, https:\/\/west-coastentin.com\/wp-content\/uploads\/2024\/08\/IMGP7526-2048x1146.jpg 2048w, https:\/\/west-coastentin.com\/wp-content\/uploads\/2024\/08\/IMGP7526-600x336.jpg 600w\" sizes=\"(max-width: 1024px) 100vw, 1024px\" \/>\t\t\t\t\t\t\t\t\t\t\t\t\t<\/div>\n\t\t\t\t<\/div>\n\t\t\t\t<div class=\"elementor-element elementor-element-e55a1b1 elementor-widget elementor-widget-text-editor\" data-id=\"e55a1b1\" data-element_type=\"widget\" data-widget_type=\"text-editor.default\">\n\t\t\t\t<div class=\"elementor-widget-container\">\n\t\t\t\t\t\t\t<p>Sur tellement de plage ou j&rsquo;ai rid\u00e9 dans le monde, comme celle-l\u00e0 aux iles du cap vert, si tu n&rsquo;es pas en zone touristique, tu peux retrouver une bande de vingt m\u00e8tres pourrit de plastiques, sur des kilom\u00e8tres de plage, dont la plupart des restants de filets de p\u00eache. Un sac poubelle de 100 litres est rempli en quelques minutes. Nos pays occidentaux essayent par des lois et des actions de limiter les rejets de plastiques, quand on arrive \u00e0 \u00e9viter un rejet de 10 tonnes chez nous, dans la m\u00eame journ\u00e9e, 1000 tonnes sont rejet\u00e9es ( indirectement \u00e0 la mer ) en Asie, Afrique, Am\u00e9rique du sud ou en Inde. Dans ces pays l\u00e0, lorsque vous achet\u00e9 un citron, un paquet de cigarette, on vous le met dans un sac plastique, qui est jet\u00e9 dans la nature dans les 5 minutes.&nbsp;<\/p>\n<p>Le bilan carbone et \u00e9cologique de nos sports n&rsquo;est pas terrible, selon certains, m\u00eame si notre propulsion vient du vent: nos ailes sont en nylon et dacron des d\u00e9riv\u00e9s du p\u00e9trole, nos boards sont en mousse, tissus de verre ou carbone et r\u00e9sines synth\u00e9tiques des d\u00e9riv\u00e9s du p\u00e9trole, nos ligne sont en dyn\u00e9ma, spectra ou vectran, tous des d\u00e9riv\u00e9s du p\u00e9trole, ainsi que nos combinaisons, harnais, foils encore le p\u00e9trole&#8230;.et on nous reproche d&rsquo;utiliser nos v\u00e9hicules pour aller naviguer et de prendre l&rsquo;avion&#8230;.Bon on est pas les pires, loin de l\u00e0, on serait m\u00eame plut\u00f4t vertueux, mais bon, les \u00e9colos souhaiteraient qu&rsquo;on restent tous sur des fauteuils perc\u00e9s au dessus de toilettes s\u00e8che pour attendre la mort. Si nous faisons quelques actes \u00e9cologiques et que l&rsquo;on peut s&rsquo;en venter sur les r\u00e9seaux sociaux, \u00e7a am\u00e9liorera un peu notre image.<\/p>\t\t\t\t\t\t<\/div>\n\t\t\t\t<\/div>\n\t\t<div class=\"elementor-element elementor-element-933fc00 e-con-full e-flex e-con e-child\" data-id=\"933fc00\" data-element_type=\"container\">\n\t\t\t\t<div class=\"elementor-element elementor-element-52d27c4 elementor-widget elementor-widget-heading\" data-id=\"52d27c4\" data-element_type=\"widget\" data-widget_type=\"heading.default\">\n\t\t\t\t<div class=\"elementor-widget-container\">\n\t\t\t<h2 class=\"elementor-heading-title elementor-size-default\">ECOLOBOBO<\/h2>\t\t<\/div>\n\t\t\t\t<\/div>\n\t\t<div class=\"elementor-element elementor-element-db24be3 e-con-full e-flex e-con e-child\" data-id=\"db24be3\" data-element_type=\"container\">\n\t\t\t\t<div class=\"elementor-element elementor-element-736843f elementor-widget elementor-widget-text-editor\" data-id=\"736843f\" data-element_type=\"widget\" data-widget_type=\"text-editor.default\">\n\t\t\t\t<div class=\"elementor-widget-container\">\n\t\t\t\t\t\t\t<p><strong>L&rsquo;ECOLOGIE, TANT QU&rsquo;ELLE SERA POLITIQUE N&rsquo;AURA PAS D&rsquo;AVENIR ET N&rsquo;AURA PAS D&rsquo;IMPACTS POSITIFS SUR NOS VIES.<\/strong><\/p><p>Nous sommes tous concern\u00e9, et la vrai solution c&rsquo;est l&rsquo;action. Pas l&rsquo;action militante d&rsquo;aller manifester, pas de signer des p\u00e9titions, les politiques se moquent de l&rsquo;\u00e9cologie, faut faire du pognon et les multinationales pi\u00e9tinent all\u00e8grement et tous les jours les diff\u00e9rents accords sign\u00e9s en grandes pompes avec cam\u00e9ras et photographes, accords qui ne sont jamais contraignants et qui ne seront de toute fa\u00e7on pas respect\u00e9s. La v\u00e9ritable action efficace, c&rsquo;est vous, c&rsquo;est moi, la petite action de chacun, celle de tous les jours.\u00a0<\/p>\t\t\t\t\t\t<\/div>\n\t\t\t\t<\/div>\n\t\t<div class=\"elementor-element elementor-element-e4a1e1e e-con-full e-flex e-con e-child\" data-id=\"e4a1e1e\" data-element_type=\"container\">\n\t\t\t\t<div class=\"elementor-element elementor-element-1ca04d2 elementor-position-left elementor-vertical-align-top elementor-widget elementor-widget-image-box\" data-id=\"1ca04d2\" data-element_type=\"widget\" data-widget_type=\"image-box.default\">\n\t\t\t\t<div class=\"elementor-widget-container\">\n\t\t\t<style>\/*! elementor - v3.23.0 - 15-07-2024 *\/\n.elementor-widget-image-box .elementor-image-box-content{width:100%}@media (min-width:768px){.elementor-widget-image-box.elementor-position-left .elementor-image-box-wrapper,.elementor-widget-image-box.elementor-position-right .elementor-image-box-wrapper{display:flex}.elementor-widget-image-box.elementor-position-right .elementor-image-box-wrapper{text-align:end;flex-direction:row-reverse}.elementor-widget-image-box.elementor-position-left .elementor-image-box-wrapper{text-align:start;flex-direction:row}.elementor-widget-image-box.elementor-position-top .elementor-image-box-img{margin:auto}.elementor-widget-image-box.elementor-vertical-align-top .elementor-image-box-wrapper{align-items:flex-start}.elementor-widget-image-box.elementor-vertical-align-middle .elementor-image-box-wrapper{align-items:center}.elementor-widget-image-box.elementor-vertical-align-bottom .elementor-image-box-wrapper{align-items:flex-end}}@media (max-width:767px){.elementor-widget-image-box .elementor-image-box-img{margin-left:auto!important;margin-right:auto!important;margin-bottom:15px}}.elementor-widget-image-box .elementor-image-box-img{display:inline-block}.elementor-widget-image-box .elementor-image-box-title a{color:inherit}.elementor-widget-image-box .elementor-image-box-wrapper{text-align:center}.elementor-widget-image-box .elementor-image-box-description{margin:0}<\/style><div class=\"elementor-image-box-wrapper\"><figure class=\"elementor-image-box-img\"><img decoding=\"async\" width=\"1216\" height=\"1824\" src=\"https:\/\/west-coastentin.com\/wp-content\/uploads\/2024\/09\/29-AOUT-24-rotated.jpg\" class=\"attachment-full size-full wp-image-855\" alt=\"Ecolokite\" srcset=\"https:\/\/west-coastentin.com\/wp-content\/uploads\/2024\/09\/29-AOUT-24-rotated.jpg 1216w, https:\/\/west-coastentin.com\/wp-content\/uploads\/2024\/09\/29-AOUT-24-267x400.jpg 267w, https:\/\/west-coastentin.com\/wp-content\/uploads\/2024\/09\/29-AOUT-24-683x1024.jpg 683w, https:\/\/west-coastentin.com\/wp-content\/uploads\/2024\/09\/29-AOUT-24-768x1152.jpg 768w, https:\/\/west-coastentin.com\/wp-content\/uploads\/2024\/09\/29-AOUT-24-1024x1536.jpg 1024w, https:\/\/west-coastentin.com\/wp-content\/uploads\/2024\/09\/29-AOUT-24-600x900.jpg 600w\" sizes=\"(max-width: 1216px) 100vw, 1216px\" \/><\/figure><div class=\"elementor-image-box-content\"><h3 class=\"elementor-image-box-title\">PASSONS A L'ACTION<\/h3><p class=\"elementor-image-box-description\">En venant rider, en allant vous promener, <b>RAMASSEZ<\/b> ce que vous pouvez,<b> INCITEZ<\/b> les gens que vous croisez \u00e0 en faire autant . Nous sommes environ 22000 \u00e0 faire du kite ou de la wing en 2024, <b>si chaque rider ramasse 1 kgs de d\u00e9chets plastiques par ans <\/b>(\u00e7a prend 5 mns ), <u>\u00e7a fait 22 tonnes de plastiques en moins sur les c\u00f4tes<\/u>, des d\u00e9chets plastiques qui vont se transformer en micro plastiques et \u00eatre ing\u00e9r\u00e9s par les poissons. Les morceaux de filets, si il repartent \u00e0 la mer recommenceront \u00e0 tuer. <u><b>L'action est la seul vrai solution que nous avons pour agir \u00e0 notre niveau<\/b><\/u> et de communiquer sur vos comptes et groupes de r\u00e9seaux sociaux pour donner des id\u00e9es \u00e0 tout le monde...  Ne vous posez pas la question, est ce que c'est \u00e0 vous de le faire?, d'\u00eatre en comp\u00e9tition ou en concurrence avec Intel ou telle association, vous faite une BA pour la plan\u00e8te et la biodiversit\u00e9, \u00e7a fait du bien \u00e0 la conscience.<\/p><\/div><\/div>\t\t<\/div>\n\t\t\t\t<\/div>\n\t\t\t\t<\/div>\n\t\t\t\t<\/div>\n\t\t\t\t<\/div>\n\t\t\t\t<\/div>\n\t\t\t\t<\/div>\n\t\t\t\t\t<\/div>\n\t\t\t\t<\/div>\n\t\t\t\t<\/div>\n\t\t","protected":false},"excerpt":{"rendered":"<p>KITE ET ECOLOGIE Nous, pratiquant de sports de glisse sur nos c\u00f4tes, et pour certains d&rsquo;entre nous, du monde entier, nous pouvons voir les millions de tonnes de r\u00e9sidus sur les plages&#8230;C&rsquo;est choquant, tr\u00e8s choquant&#8230; Et ce n&rsquo;est jamais personne. Tout le monde se rejette la responsabilit\u00e9 et surtout, personne ne fait rien. Tout le [&hellip;]<\/p>\n","protected":false},"author":1,"featured_media":0,"parent":0,"menu_order":0,"comment_status":"closed","ping_status":"closed","template":"","meta":{"footnotes":""},"class_list":["post-843","page","type-page","status-publish","hentry","entry","owp-thumbs-layout-horizontal","owp-btn-normal","owp-tabs-layout-horizontal","has-no-thumbnails","has-product-nav"],"_links":{"self":[{"href":"https:\/\/west-coastentin.com\/index.php\/wp-json\/wp\/v2\/pages\/843","targetHints":{"allow":["GET"]}}],"collection":[{"href":"https:\/\/west-coastentin.com\/index.php\/wp-json\/wp\/v2\/pages"}],"about":[{"href":"https:\/\/west-coastentin.com\/index.php\/wp-json\/wp\/v2\/types\/page"}],"author":[{"embeddable":true,"href":"https:\/\/west-coastentin.com\/index.php\/wp-json\/wp\/v2\/users\/1"}],"replies":[{"embeddable":true,"href":"https:\/\/west-coastentin.com\/index.php\/wp-json\/wp\/v2\/comments?post=843"}],"version-history":[{"count":13,"href":"https:\/\/west-coastentin.com\/index.php\/wp-json\/wp\/v2\/pages\/843\/revisions"}],"predecessor-version":[{"id":954,"href":"https:\/\/west-coastentin.com\/index.php\/wp-json\/wp\/v2\/pages\/843\/revisions\/954"}],"wp:attachment":[{"href":"https:\/\/west-coastentin.com\/index.php\/wp-json\/wp\/v2\/media?parent=843"}],"curies":[{"name":"wp","href":"https:\/\/api.w.org\/{rel}","templated":true}]}}