{"id":829,"date":"2024-08-24T15:30:54","date_gmt":"2024-08-24T13:30:54","guid":{"rendered":"https:\/\/west-coastentin.com\/?page_id=829"},"modified":"2024-08-24T15:32:08","modified_gmt":"2024-08-24T13:32:08","slug":"les-marees","status":"publish","type":"page","link":"https:\/\/west-coastentin.com\/index.php\/les-marees\/","title":{"rendered":"LES MAREES"},"content":{"rendered":"\t\t<div data-elementor-type=\"wp-page\" data-elementor-id=\"829\" class=\"elementor elementor-829\">\n\t\t\t\t<div class=\"elementor-element elementor-element-cd2cad1 e-flex e-con-boxed e-con e-parent\" data-id=\"cd2cad1\" data-element_type=\"container\">\n\t\t\t\t\t<div class=\"e-con-inner\">\n\t\t\t\t<div class=\"elementor-element elementor-element-7606624 elementor-widget elementor-widget-heading\" data-id=\"7606624\" data-element_type=\"widget\" data-widget_type=\"heading.default\">\n\t\t\t\t<div class=\"elementor-widget-container\">\n\t\t\t<style>\/*! elementor - v3.23.0 - 15-07-2024 *\/\n.elementor-heading-title{padding:0;margin:0;line-height:1}.elementor-widget-heading .elementor-heading-title[class*=elementor-size-]>a{color:inherit;font-size:inherit;line-height:inherit}.elementor-widget-heading .elementor-heading-title.elementor-size-small{font-size:15px}.elementor-widget-heading .elementor-heading-title.elementor-size-medium{font-size:19px}.elementor-widget-heading .elementor-heading-title.elementor-size-large{font-size:29px}.elementor-widget-heading .elementor-heading-title.elementor-size-xl{font-size:39px}.elementor-widget-heading .elementor-heading-title.elementor-size-xxl{font-size:59px}<\/style><h2 class=\"elementor-heading-title elementor-size-default\">FONCTIONNEMENT DES MARREES<\/h2>\t\t<\/div>\n\t\t\t\t<\/div>\n\t\t\t\t<div class=\"elementor-element elementor-element-cff17b0 elementor-widget elementor-widget-text-editor\" data-id=\"cff17b0\" data-element_type=\"widget\" data-widget_type=\"text-editor.default\">\n\t\t\t\t<div class=\"elementor-widget-container\">\n\t\t\t<style>\/*! elementor - v3.23.0 - 15-07-2024 *\/\n.elementor-widget-text-editor.elementor-drop-cap-view-stacked .elementor-drop-cap{background-color:#69727d;color:#fff}.elementor-widget-text-editor.elementor-drop-cap-view-framed .elementor-drop-cap{color:#69727d;border:3px solid;background-color:transparent}.elementor-widget-text-editor:not(.elementor-drop-cap-view-default) .elementor-drop-cap{margin-top:8px}.elementor-widget-text-editor:not(.elementor-drop-cap-view-default) .elementor-drop-cap-letter{width:1em;height:1em}.elementor-widget-text-editor .elementor-drop-cap{float:left;text-align:center;line-height:1;font-size:50px}.elementor-widget-text-editor .elementor-drop-cap-letter{display:inline-block}<\/style>\t\t\t\t<p>Sans rentrer dans des d\u00e9tails d&rsquo;astrophysicien, il faut juste appr\u00e9hender que des forces gravitationnelles ( merci Isaac Newton ) \u00e9normes font que les astres s&rsquo;attirent entre eux. Notre plan\u00e8te bleue subit les forces gravitationnelles de son satellite: la lune et de son \u00e9toile le soleil.<\/p><p>Le r\u00e9sultat de ces forces gravitationnelles sont des d\u00e9formations de la croute terrestre ( tr\u00e8s peut visibles ) et des masses d&rsquo;eaux importantes des oc\u00e9ans ( le plus visible par l&rsquo;homo sapiens ).\u00a0<\/p>\t\t\t\t\t\t<\/div>\n\t\t\t\t<\/div>\n\t\t<div class=\"elementor-element elementor-element-858b7de e-con-full e-flex e-con e-child\" data-id=\"858b7de\" data-element_type=\"container\">\n\t\t\t\t<div class=\"elementor-element elementor-element-ba36c68 elementor-position-left elementor-vertical-align-top elementor-widget elementor-widget-image-box\" data-id=\"ba36c68\" data-element_type=\"widget\" data-widget_type=\"image-box.default\">\n\t\t\t\t<div class=\"elementor-widget-container\">\n\t\t\t<style>\/*! elementor - v3.23.0 - 15-07-2024 *\/\n.elementor-widget-image-box .elementor-image-box-content{width:100%}@media (min-width:768px){.elementor-widget-image-box.elementor-position-left .elementor-image-box-wrapper,.elementor-widget-image-box.elementor-position-right .elementor-image-box-wrapper{display:flex}.elementor-widget-image-box.elementor-position-right .elementor-image-box-wrapper{text-align:end;flex-direction:row-reverse}.elementor-widget-image-box.elementor-position-left .elementor-image-box-wrapper{text-align:start;flex-direction:row}.elementor-widget-image-box.elementor-position-top .elementor-image-box-img{margin:auto}.elementor-widget-image-box.elementor-vertical-align-top .elementor-image-box-wrapper{align-items:flex-start}.elementor-widget-image-box.elementor-vertical-align-middle .elementor-image-box-wrapper{align-items:center}.elementor-widget-image-box.elementor-vertical-align-bottom .elementor-image-box-wrapper{align-items:flex-end}}@media (max-width:767px){.elementor-widget-image-box .elementor-image-box-img{margin-left:auto!important;margin-right:auto!important;margin-bottom:15px}}.elementor-widget-image-box .elementor-image-box-img{display:inline-block}.elementor-widget-image-box .elementor-image-box-title a{color:inherit}.elementor-widget-image-box .elementor-image-box-wrapper{text-align:center}.elementor-widget-image-box .elementor-image-box-description{margin:0}<\/style><div class=\"elementor-image-box-wrapper\"><figure class=\"elementor-image-box-img\"><img fetchpriority=\"high\" decoding=\"async\" width=\"602\" height=\"343\" src=\"https:\/\/west-coastentin.com\/wp-content\/uploads\/2024\/08\/deformation-lie-a-la-lune.webp\" class=\"attachment-full size-full wp-image-831\" alt=\"culture kite\" srcset=\"https:\/\/west-coastentin.com\/wp-content\/uploads\/2024\/08\/deformation-lie-a-la-lune.webp 602w, https:\/\/west-coastentin.com\/wp-content\/uploads\/2024\/08\/deformation-lie-a-la-lune-400x228.webp 400w, https:\/\/west-coastentin.com\/wp-content\/uploads\/2024\/08\/deformation-lie-a-la-lune-600x342.webp 600w\" sizes=\"(max-width: 602px) 100vw, 602px\" \/><\/figure><div class=\"elementor-image-box-content\"><h3 class=\"elementor-image-box-title\">Les d\u00e9formations engendr\u00e9es<\/h3><p class=\"elementor-image-box-description\">Comme repr\u00e9sent\u00e9 sur l'image, la lune d\u00e9forme l'oc\u00e9an \u00e0 sa verticale mais aussi, \u00e0 son oppos\u00e9. Et le soleil fait la m\u00eame chose, donc nous subissons les forces gravitationnelles des deux astres, qui vont soit s'annul\u00e9es, soit s'additionn\u00e9es. <\/p><\/div><\/div>\t\t<\/div>\n\t\t\t\t<\/div>\n\t\t\t\t<div class=\"elementor-element elementor-element-3f42f29 elementor-widget elementor-widget-text-editor\" data-id=\"3f42f29\" data-element_type=\"widget\" data-widget_type=\"text-editor.default\">\n\t\t\t\t<div class=\"elementor-widget-container\">\n\t\t\t\t\t\t\t<p><span style=\"text-decoration: underline;\"><strong>FG DU SOLEIL:<\/strong><\/span> la terre tourne sur elle m\u00eame et fait un tour complet en 24h, donc on subit la force gravitationnelle du soleil 2 fois par jour, 1 fois la FG et une fois son oppos\u00e9. <span style=\"text-decoration: underline;\">Cela correspond donc au 2 mar\u00e9es que nous avons chaque jour<\/span>, deux mar\u00e9es hautes et deux mar\u00e9es basses. Avec un d\u00e9calage puisque le cycle des mar\u00e9es est cal\u00e9 sur une moyenne de 24h50 avec des variantes. <strong>Donc les horaires de mar\u00e9es <span style=\"text-decoration: underline;\">journali\u00e8res<\/span> sont li\u00e9s \u00e0 l&rsquo;attraction du soleil.<\/strong><\/p>\t\t\t\t\t\t<\/div>\n\t\t\t\t<\/div>\n\t\t\t\t<\/div>\n\t\t\t\t\t<\/div>\n\t\t\t\t<\/div>\n\t\t<div class=\"elementor-element elementor-element-d511f60 e-flex e-con-boxed e-con e-parent\" data-id=\"d511f60\" data-element_type=\"container\">\n\t\t\t\t\t<div class=\"e-con-inner\">\n\t\t\t\t<div class=\"elementor-element elementor-element-7b55a99 elementor-widget elementor-widget-text-editor\" data-id=\"7b55a99\" data-element_type=\"widget\" data-widget_type=\"text-editor.default\">\n\t\t\t\t<div class=\"elementor-widget-container\">\n\t\t\t\t\t\t\t<p><span style=\"text-decoration: underline;\"><strong>FG DE L<\/strong><strong>A<\/strong><strong> LUNE:<\/strong><\/span> La lune tourne autour de la terre en 28 jours. Lorsque la force gravitationnelle de la lune s&rsquo;additionne \u00e0 celle du soleil ce sont les grandes marr\u00e9es appel\u00e9es vives eaux ou grand coefficients de mar\u00e9e (sup\u00e9rieur a 75, jusqu&rsquo;\u00e0 125 ), lorsqu&rsquo;elles s&rsquo;annulent on appelle \u00e7a mortes eaux ou petits coefficients ( inf\u00e9rieur a 75 jusqu&rsquo;\u00e0 35 ). Nous avons donc les grands mar\u00e9es tous les 28 jour \u00e0 la verticale de la FG de la lune et une autre mar\u00e9e sup\u00e9rieur \u00e0 75 lorsqu&rsquo;on se trouve \u00e0 l&rsquo;oppos\u00e9 des FG\u00a0 de la lune, donc deux p\u00e9riodes de vivent eaux et deux p\u00e9riodes de mortes eaux par 28 jours.<\/p>\t\t\t\t\t\t<\/div>\n\t\t\t\t<\/div>\n\t\t<div class=\"elementor-element elementor-element-5cf727e e-con-full e-flex e-con e-child\" data-id=\"5cf727e\" data-element_type=\"container\">\n\t\t\t\t<div class=\"elementor-element elementor-element-1c24d67 elementor-widget elementor-widget-image\" data-id=\"1c24d67\" data-element_type=\"widget\" data-widget_type=\"image.default\">\n\t\t\t\t<div class=\"elementor-widget-container\">\n\t\t\t<style>\/*! elementor - v3.23.0 - 15-07-2024 *\/\n.elementor-widget-image{text-align:center}.elementor-widget-image a{display:inline-block}.elementor-widget-image a img[src$=\".svg\"]{width:48px}.elementor-widget-image img{vertical-align:middle;display:inline-block}<\/style>\t\t\t\t\t\t\t\t\t\t<img decoding=\"async\" width=\"450\" height=\"330\" src=\"https:\/\/west-coastentin.com\/wp-content\/uploads\/2024\/08\/forces-gravitationnelles-marees-lune-terre.gif\" class=\"attachment-large size-large wp-image-832\" alt=\"culture kite west coastentin\" \/>\t\t\t\t\t\t\t\t\t\t\t\t\t<\/div>\n\t\t\t\t<\/div>\n\t\t<div class=\"elementor-element elementor-element-baf4a3d e-con-full e-flex e-con e-child\" data-id=\"baf4a3d\" data-element_type=\"container\">\n\t\t\t\t<div class=\"elementor-element elementor-element-02195fa elementor-widget-divider--view-line elementor-widget elementor-widget-divider\" data-id=\"02195fa\" data-element_type=\"widget\" data-widget_type=\"divider.default\">\n\t\t\t\t<div class=\"elementor-widget-container\">\n\t\t\t<style>\/*! elementor - v3.23.0 - 15-07-2024 *\/\n.elementor-widget-divider{--divider-border-style:none;--divider-border-width:1px;--divider-color:#0c0d0e;--divider-icon-size:20px;--divider-element-spacing:10px;--divider-pattern-height:24px;--divider-pattern-size:20px;--divider-pattern-url:none;--divider-pattern-repeat:repeat-x}.elementor-widget-divider .elementor-divider{display:flex}.elementor-widget-divider .elementor-divider__text{font-size:15px;line-height:1;max-width:95%}.elementor-widget-divider .elementor-divider__element{margin:0 var(--divider-element-spacing);flex-shrink:0}.elementor-widget-divider .elementor-icon{font-size:var(--divider-icon-size)}.elementor-widget-divider .elementor-divider-separator{display:flex;margin:0;direction:ltr}.elementor-widget-divider--view-line_icon .elementor-divider-separator,.elementor-widget-divider--view-line_text .elementor-divider-separator{align-items:center}.elementor-widget-divider--view-line_icon .elementor-divider-separator:after,.elementor-widget-divider--view-line_icon .elementor-divider-separator:before,.elementor-widget-divider--view-line_text .elementor-divider-separator:after,.elementor-widget-divider--view-line_text .elementor-divider-separator:before{display:block;content:\"\";border-block-end:0;flex-grow:1;border-block-start:var(--divider-border-width) var(--divider-border-style) var(--divider-color)}.elementor-widget-divider--element-align-left .elementor-divider .elementor-divider-separator>.elementor-divider__svg:first-of-type{flex-grow:0;flex-shrink:100}.elementor-widget-divider--element-align-left .elementor-divider-separator:before{content:none}.elementor-widget-divider--element-align-left .elementor-divider__element{margin-left:0}.elementor-widget-divider--element-align-right .elementor-divider .elementor-divider-separator>.elementor-divider__svg:last-of-type{flex-grow:0;flex-shrink:100}.elementor-widget-divider--element-align-right .elementor-divider-separator:after{content:none}.elementor-widget-divider--element-align-right .elementor-divider__element{margin-right:0}.elementor-widget-divider--element-align-start .elementor-divider .elementor-divider-separator>.elementor-divider__svg:first-of-type{flex-grow:0;flex-shrink:100}.elementor-widget-divider--element-align-start .elementor-divider-separator:before{content:none}.elementor-widget-divider--element-align-start .elementor-divider__element{margin-inline-start:0}.elementor-widget-divider--element-align-end .elementor-divider .elementor-divider-separator>.elementor-divider__svg:last-of-type{flex-grow:0;flex-shrink:100}.elementor-widget-divider--element-align-end .elementor-divider-separator:after{content:none}.elementor-widget-divider--element-align-end .elementor-divider__element{margin-inline-end:0}.elementor-widget-divider:not(.elementor-widget-divider--view-line_text):not(.elementor-widget-divider--view-line_icon) .elementor-divider-separator{border-block-start:var(--divider-border-width) var(--divider-border-style) var(--divider-color)}.elementor-widget-divider--separator-type-pattern{--divider-border-style:none}.elementor-widget-divider--separator-type-pattern.elementor-widget-divider--view-line .elementor-divider-separator,.elementor-widget-divider--separator-type-pattern:not(.elementor-widget-divider--view-line) .elementor-divider-separator:after,.elementor-widget-divider--separator-type-pattern:not(.elementor-widget-divider--view-line) .elementor-divider-separator:before,.elementor-widget-divider--separator-type-pattern:not([class*=elementor-widget-divider--view]) .elementor-divider-separator{width:100%;min-height:var(--divider-pattern-height);-webkit-mask-size:var(--divider-pattern-size) 100%;mask-size:var(--divider-pattern-size) 100%;-webkit-mask-repeat:var(--divider-pattern-repeat);mask-repeat:var(--divider-pattern-repeat);background-color:var(--divider-color);-webkit-mask-image:var(--divider-pattern-url);mask-image:var(--divider-pattern-url)}.elementor-widget-divider--no-spacing{--divider-pattern-size:auto}.elementor-widget-divider--bg-round{--divider-pattern-repeat:round}.rtl .elementor-widget-divider .elementor-divider__text{direction:rtl}.e-con-inner>.elementor-widget-divider,.e-con>.elementor-widget-divider{width:var(--container-widget-width,100%);--flex-grow:var(--container-widget-flex-grow)}<\/style>\t\t<div class=\"elementor-divider\">\n\t\t\t<span class=\"elementor-divider-separator\">\n\t\t\t\t\t\t<\/span>\n\t\t<\/div>\n\t\t\t\t<\/div>\n\t\t\t\t<\/div>\n\t\t\t\t<\/div>\n\t\t<div class=\"elementor-element elementor-element-7523a4d e-con-full e-flex e-con e-child\" data-id=\"7523a4d\" data-element_type=\"container\">\n\t\t<div class=\"elementor-element elementor-element-3ee0003 e-con-full e-flex e-con e-child\" data-id=\"3ee0003\" data-element_type=\"container\">\n\t\t\t\t<div class=\"elementor-element elementor-element-6d42524 elementor-widget elementor-widget-heading\" data-id=\"6d42524\" data-element_type=\"widget\" data-widget_type=\"heading.default\">\n\t\t\t\t<div class=\"elementor-widget-container\">\n\t\t\t<h2 class=\"elementor-heading-title elementor-size-default\">LES CONSEQUENCES SUR NOS COTES<\/h2>\t\t<\/div>\n\t\t\t\t<\/div>\n\t\t\t\t<\/div>\n\t\t\t\t<\/div>\n\t\t<div class=\"elementor-element elementor-element-4b29cd0 e-con-full e-flex e-con e-child\" data-id=\"4b29cd0\" data-element_type=\"container\">\n\t\t\t\t<div class=\"elementor-element elementor-element-533d1b3 elementor-widget elementor-widget-text-editor\" data-id=\"533d1b3\" data-element_type=\"widget\" data-widget_type=\"text-editor.default\">\n\t\t\t\t<div class=\"elementor-widget-container\">\n\t\t\t\t\t\t\t<p>Les cons\u00e9quences des mar\u00e9es sur nos c\u00f4tes: petit coefficient de mar\u00e9e, la mer ne descend pas beaucoup et ne monte pas beaucoup, plus le coefficient augmente plus la mer descend et plus elle monte, donc sur une c\u00f4te qui \u00e0 peu de pente, la mer part de plus en plus loin. Les grandes mar\u00e9es les plus sont les mar\u00e9es d&rsquo;\u00e9quinoxe et de solstice, elle peuvent avoir des coefficients d\u00e9passant 120. Le plus grand coefficient connu est de 125, \u00e0 savoir que la mar\u00e9e basse du coef 125\u00a0 sert de r\u00e9f\u00e9rence au z\u00e9ro topographique des cartes. Il en r\u00e9sulte que plus les coefficient sont importants et plus les courant c\u00f4tiers vont \u00eatre forts.<\/p>\t\t\t\t\t\t<\/div>\n\t\t\t\t<\/div>\n\t\t<div class=\"elementor-element elementor-element-4eb3ad5 e-con-full e-flex e-con e-child\" data-id=\"4eb3ad5\" data-element_type=\"container\">\n\t\t\t\t<div class=\"elementor-element elementor-element-96d2b5d elementor-widget elementor-widget-heading\" data-id=\"96d2b5d\" data-element_type=\"widget\" data-widget_type=\"heading.default\">\n\t\t\t\t<div class=\"elementor-widget-container\">\n\t\t\t<h2 class=\"elementor-heading-title elementor-size-default\">CONSEQUENCES SUR LE KITESURF<\/h2>\t\t<\/div>\n\t\t\t\t<\/div>\n\t\t<div class=\"elementor-element elementor-element-22471ff e-con-full e-flex e-con e-child\" data-id=\"22471ff\" data-element_type=\"container\">\n\t\t\t\t<div class=\"elementor-element elementor-element-778d9b8 elementor-widget elementor-widget-text-editor\" data-id=\"778d9b8\" data-element_type=\"widget\" data-widget_type=\"text-editor.default\">\n\t\t\t\t<div class=\"elementor-widget-container\">\n\t\t\t\t\t\t\t<p>Pour toutes les activit\u00e9s nautiques, <span style=\"text-decoration: underline;\"><strong>la hauteur d&rsquo;eau<\/strong><\/span> est importante pour savoir ( sur les cotes atlantique, Manche et mer du nord ) \u00e0 partir de quelle heure on peut ou on ne peut plus naviguer. C&rsquo;est de la s\u00e9curit\u00e9. Encore plus pour le foil, il suffit de regarder sur une carte marine quelle est la hauteur de votre zone sur laquelle vous voulez naviguer par rapport au z\u00e9ro des carte, d&rsquo;y rajouter votre hauteur de mat et ce qu&rsquo;on appelle le pied de pilote qui est une marge de s\u00e9curit\u00e9 sous votre foil ( 30 a 40 cms ). Allez sur mar\u00e9e info, vous pointez sur le mar\u00e9gramme votre hauteur d&rsquo;eau calcul\u00e9 et vous aurez les tranches horaires possible. Sur l&rsquo;exemple ci-dessous mon calcul pour le foil= , hauteur du site navigable: 7,75 m, hauteur de mat 70 cms, pied de pilote 30cms, je peux donc naviguer \u00e0 8,75 m de hauteur d&rsquo;eau, donc entre 9H39 et 13h50.<\/p>\t\t\t\t\t\t<\/div>\n\t\t\t\t<\/div>\n\t\t<div class=\"elementor-element elementor-element-90a92fe e-con-full e-flex e-con e-child\" data-id=\"90a92fe\" data-element_type=\"container\">\n\t\t\t\t<div class=\"elementor-element elementor-element-f7e879b elementor-widget elementor-widget-image\" data-id=\"f7e879b\" data-element_type=\"widget\" data-widget_type=\"image.default\">\n\t\t\t\t<div class=\"elementor-widget-container\">\n\t\t\t\t\t\t\t\t\t\t\t\t\t<img decoding=\"async\" width=\"1024\" height=\"576\" src=\"https:\/\/west-coastentin.com\/wp-content\/uploads\/2024\/08\/Capture-decran-38-1024x576.png\" class=\"attachment-large size-large wp-image-833\" alt=\"west-coastentin mar\u00e9e\" srcset=\"https:\/\/west-coastentin.com\/wp-content\/uploads\/2024\/08\/Capture-decran-38-1024x576.png 1024w, https:\/\/west-coastentin.com\/wp-content\/uploads\/2024\/08\/Capture-decran-38-400x225.png 400w, https:\/\/west-coastentin.com\/wp-content\/uploads\/2024\/08\/Capture-decran-38-768x432.png 768w, https:\/\/west-coastentin.com\/wp-content\/uploads\/2024\/08\/Capture-decran-38-800x450.png 800w, https:\/\/west-coastentin.com\/wp-content\/uploads\/2024\/08\/Capture-decran-38-600x337.png 600w, https:\/\/west-coastentin.com\/wp-content\/uploads\/2024\/08\/Capture-decran-38.png 1366w\" sizes=\"(max-width: 1024px) 100vw, 1024px\" \/>\t\t\t\t\t\t\t\t\t\t\t\t\t<\/div>\n\t\t\t\t<\/div>\n\t\t<div class=\"elementor-element elementor-element-7f5fddc e-con-full e-flex e-con e-child\" data-id=\"7f5fddc\" data-element_type=\"container\">\n\t\t\t\t<div class=\"elementor-element elementor-element-b8c6848 elementor-widget elementor-widget-text-editor\" data-id=\"b8c6848\" data-element_type=\"widget\" data-widget_type=\"text-editor.default\">\n\t\t\t\t<div class=\"elementor-widget-container\">\n\t\t\t\t\t\t\t<p>Autre ph\u00e9nom\u00e8ne tr\u00e8s important pour la s\u00e9curit\u00e9:<span style=\"text-decoration: underline;\"><strong> les courants,<\/strong><\/span> plus la hauteur est important et plus la quantit\u00e9 d&rsquo;eau passant les caps et entrant dans les baies est importante&#8230;deux cons\u00e9quences directes, la possibilit\u00e9 de naviguer sans d\u00e9river vers des zones dangereuses, le risque de perdre to board dans le courant, toujours \u00eatre conscient du sens du courant et des risques qu&rsquo;il engendre.\u00a0<\/p><p>CONSEIL DU VIEUX RIDER: \u00e9tudie lors de ta pr\u00e9paration de session les risques li\u00e9s aux courant, si un site est trop radical par rapport au courant change de spot, le leach \u00e0 enrouleur ( pas pour le foil ) est une solution pour ne pas perdre sa planche, mais tout le monde n&rsquo;est pas adepte.<\/p>\t\t\t\t\t\t<\/div>\n\t\t\t\t<\/div>\n\t\t\t\t<\/div>\n\t\t\t\t<\/div>\n\t\t\t\t<\/div>\n\t\t\t\t<\/div>\n\t\t\t\t<\/div>\n\t\t\t\t<\/div>\n\t\t\t\t\t<\/div>\n\t\t\t\t<\/div>\n\t\t\t\t<\/div>\n\t\t","protected":false},"excerpt":{"rendered":"<p>FONCTIONNEMENT DES MARREES Sans rentrer dans des d\u00e9tails d&rsquo;astrophysicien, il faut juste appr\u00e9hender que des forces gravitationnelles ( merci Isaac Newton ) \u00e9normes font que les astres s&rsquo;attirent entre eux. Notre plan\u00e8te bleue subit les forces gravitationnelles de son satellite: la lune et de son \u00e9toile le soleil. Le r\u00e9sultat de ces forces gravitationnelles sont [&hellip;]<\/p>\n","protected":false},"author":1,"featured_media":0,"parent":0,"menu_order":0,"comment_status":"closed","ping_status":"closed","template":"","meta":{"footnotes":""},"class_list":["post-829","page","type-page","status-publish","hentry","entry","owp-thumbs-layout-horizontal","owp-btn-normal","owp-tabs-layout-horizontal","has-no-thumbnails","has-product-nav"],"_links":{"self":[{"href":"https:\/\/west-coastentin.com\/index.php\/wp-json\/wp\/v2\/pages\/829","targetHints":{"allow":["GET"]}}],"collection":[{"href":"https:\/\/west-coastentin.com\/index.php\/wp-json\/wp\/v2\/pages"}],"about":[{"href":"https:\/\/west-coastentin.com\/index.php\/wp-json\/wp\/v2\/types\/page"}],"author":[{"embeddable":true,"href":"https:\/\/west-coastentin.com\/index.php\/wp-json\/wp\/v2\/users\/1"}],"replies":[{"embeddable":true,"href":"https:\/\/west-coastentin.com\/index.php\/wp-json\/wp\/v2\/comments?post=829"}],"version-history":[{"count":4,"href":"https:\/\/west-coastentin.com\/index.php\/wp-json\/wp\/v2\/pages\/829\/revisions"}],"predecessor-version":[{"id":842,"href":"https:\/\/west-coastentin.com\/index.php\/wp-json\/wp\/v2\/pages\/829\/revisions\/842"}],"wp:attachment":[{"href":"https:\/\/west-coastentin.com\/index.php\/wp-json\/wp\/v2\/media?parent=829"}],"curies":[{"name":"wp","href":"https:\/\/api.w.org\/{rel}","templated":true}]}}