{"id":392,"date":"2024-05-19T13:23:20","date_gmt":"2024-05-19T11:23:20","guid":{"rendered":"https:\/\/west-coastentin.com\/?page_id=392"},"modified":"2024-05-19T14:05:13","modified_gmt":"2024-05-19T12:05:13","slug":"remboursements_retours","status":"publish","type":"page","link":"https:\/\/west-coastentin.com\/index.php\/remboursements_retours\/","title":{"rendered":"CGV"},"content":{"rendered":"\t\t<div data-elementor-type=\"wp-page\" data-elementor-id=\"392\" class=\"elementor elementor-392\">\n\t\t\t\t<div class=\"elementor-element elementor-element-6d9f7c56 e-flex e-con-boxed e-con e-parent\" data-id=\"6d9f7c56\" data-element_type=\"container\">\n\t\t\t\t\t<div class=\"e-con-inner\">\n\t\t\t\t<div class=\"elementor-element elementor-element-632bbf7e elementor-widget elementor-widget-text-editor\" data-id=\"632bbf7e\" data-element_type=\"widget\" data-widget_type=\"text-editor.default\">\n\t\t\t\t<div class=\"elementor-widget-container\">\n\t\t\t<style>\/*! elementor - v3.23.0 - 15-07-2024 *\/\n.elementor-widget-text-editor.elementor-drop-cap-view-stacked .elementor-drop-cap{background-color:#69727d;color:#fff}.elementor-widget-text-editor.elementor-drop-cap-view-framed .elementor-drop-cap{color:#69727d;border:3px solid;background-color:transparent}.elementor-widget-text-editor:not(.elementor-drop-cap-view-default) .elementor-drop-cap{margin-top:8px}.elementor-widget-text-editor:not(.elementor-drop-cap-view-default) .elementor-drop-cap-letter{width:1em;height:1em}.elementor-widget-text-editor .elementor-drop-cap{float:left;text-align:center;line-height:1;font-size:50px}.elementor-widget-text-editor .elementor-drop-cap-letter{display:inline-block}<\/style>\t\t\t\t<h3>Objet des conditions g\u00e9n\u00e9rales de vente :<\/h3>\n<p>Les conditions g\u00e9n\u00e9rales de ventes d\u00e9crites ci-apr\u00e8s d\u00e9taillent les droits et obligations de la soci\u00e9t\u00e9 west-coastentin et de son client dans le cadre de la vente des marchandises (ou services) suivantes :<\/p>\n<p>-Prestations d&rsquo;h\u00e9bergement sur site<\/p>\n<p>-Vente de photos\/films en format num\u00e9riques.<\/p>\n<p>-Accompagnement sur sites de pratique sportive.<\/p>\n<p>-Vente d&rsquo;\u00e9quipements sportifs neufs ou occasions<\/p>\n<p>Toute prestation accomplie par la soci\u00e9t\u00e9 West-coastentin implique donc l\u2019adh\u00e9sion sans r\u00e9serve de l\u2019acheteur aux pr\u00e9sentes conditions g\u00e9n\u00e9rales de vente.<\/p>\n<h3>Prix des marchandises (ou services) :<\/h3>\n<p>Les prix des marchandises vendues (ou services) sont ceux en vigueur au jour de la prise de commande. Ils sont libell\u00e9s en euros . La soci\u00e9t\u00e9 n&rsquo;\u00e9tant pas soumise \u00e0 la TVA les prix exprim\u00e9s sur les devis et factures seront consid\u00e9r\u00e9s TTC et seront les prix a payer par l&rsquo;acheteur.<\/p>\n<p>La soci\u00e9t\u00e9 West-coastentin s\u2019accorde le droit de modifier ses tarifs \u00e0 tout moment. Toutefois, elle s\u2019engage \u00e0 facturer les marchandises command\u00e9es aux prix indiqu\u00e9s lors de l\u2019enregistrement de la commande.<\/p>\n<h3>Rabais et ristournes :<strong><br><\/strong><\/h3>\n<p>Les tarifs propos\u00e9s comprennent les rabais et ristournes que la soci\u00e9t\u00e9 West-coastentin serait amen\u00e9e \u00e0 octroyer compte tenu de ses r\u00e9sultats ou de la prise en charge par l\u2019acheteur de certaines prestations.<\/p>\n<h3>Escompte :<strong><br><\/strong><\/h3>\n<p>Aucun escompte ne sera consenti en cas de paiement anticip\u00e9.<\/p>\n<h3>Modalit\u00e9s de paiement :<strong><br><\/strong><\/h3>\n<p>Le r\u00e8glement des commandes s\u2019effectue :<\/p>\n<ul>\n<li>Soit par ch\u00e8que,<\/li>\n<li>Soit par virement bancaire,<\/li>\n<li>En esp\u00e8ces dans limites autoris\u00e9es par la loi .<\/li>\n<\/ul>\n<p>Lors de l\u2019enregistrement de la commande, l\u2019acheteur devra verser un acompte de 30% du montant global de la facture, le solde devant \u00eatre pay\u00e9 \u00e0 r\u00e9ception des marchandises. Pour les prestations d&rsquo;h\u00e9bergement d&rsquo;hiver dans les \u00eeles, le paiement de l&rsquo;h\u00e9bergement devra \u00eatre r\u00e9gl\u00e9 2 mois avant la date d&rsquo;arriv\u00e9e, les conditions sp\u00e9cifiques \u00e0 cette prestation sont stipul\u00e9es en bas de la page du sujet.<\/p>\n<h3>Retard de paiement :<strong><br><\/strong><\/h3>\n<p>En cas de retard de paiement caract\u00e9ris\u00e9 des h\u00e9bergement dans les d\u00e9lais d\u00e9crits, et sans contacts entre le client et la soci\u00e9t\u00e9 West-coastentin, entra\u00eenera l&rsquo;annulation de la r\u00e9servation.<\/p>\n<p>Les produits \u00e9quipements sportifs seront r\u00e9gl\u00e9s avant envoie.<\/p>\n<h3>Clause r\u00e9solutoire :<strong><br><\/strong><\/h3>\n<p>Si, dans les quinze jours qui suivent la mise en \u0153uvre de la clause \u00ab Retard de paiement \u00bb, l\u2019acheteur ne s\u2019est pas acquitt\u00e9 des sommes restant dues, la vente sera r\u00e9solue de plein droit et pourra est revendu a un tiers par la soci\u00e9t\u00e9 west-coastentin.<\/p>\n<h3>Date d\u2019effet et dur\u00e9e du contrat :<\/h3>\n<p>Le contrat de r\u00e9servation d&rsquo;h\u00e9bergement sera valide a la r\u00e9ception de 30% de la somme totale de la prestation, et sera annul\u00e9 en cas de non paiement de la totalit\u00e9 deux mois avant la date d&rsquo;arriv\u00e9e ( pour les entrainements d&rsquo;hiver).&nbsp;<\/p>\n<h3>Clause de r\u00e9serve de propri\u00e9t\u00e9 :<strong><br><\/strong><\/h3>\n<p>La soci\u00e9t\u00e9&nbsp;&lt;<em>Raison sociale<\/em>&gt; conserve la propri\u00e9t\u00e9 des biens vendus jusqu\u2019au paiement int\u00e9gral du prix du mat\u00e9riel sportif<\/p>\n<h3>Livraison :<strong><br><\/strong><\/h3>\n<p>La livraison est effectu\u00e9e :<\/p>\n<ul>\n<li>Soit par la remise directe de la marchandise \u00e0 l\u2019acheteur,<\/li>\n<li>Soit par l\u2019envoi du colis par transporteur, les dossiers photos par email ou par transfert de fichiers physique.<\/li>\n<li>Soit au lieu indiqu\u00e9 en accord avec les deux parties<\/li>\n<\/ul>\n<p>Le d\u00e9lai de livraison indiqu\u00e9 lors de l\u2019enregistrement de la commande n\u2019est donn\u00e9 qu\u2019\u00e0 titre indicatif et n\u2019est aucunement garanti.<\/p>\n<figure id=\"attachment_87340\" class=\"wp-caption aligncenter\" aria-describedby=\"caption-attachment-87340\"><p><\/p>\n<figcaption id=\"caption-attachment-87340\" class=\"wp-caption-text\">D\u00e9lais de livraison<\/figcaption>\n<\/figure>\n<p>Par voie de cons\u00e9quence, tout retard raisonnable dans la livraison des produits ne pourra \u00eatre reproch\u00e9e&nbsp; la soci\u00e9t\u00e9 west-coastentin&nbsp;<\/p>\n<p>Le risque du transport est support\u00e9 en totalit\u00e9 par l\u2019acheteur.<\/p>\n<p>En cas de marchandises manquantes ou d\u00e9t\u00e9rior\u00e9es lors du transport, l\u2019acheteur devra formuler toutes les r\u00e9serves n\u00e9cessaires sur le bon de commande \u00e0 r\u00e9ception desdites marchandises. Ces r\u00e9serves devront \u00eatre, en outre, confirm\u00e9es par \u00e9crit dans les cinq jours suivant la livraison, par courrier recommand\u00e9 avec avis de r\u00e9ception.<\/p>\n<h3>Force majeure :<strong><br><\/strong><\/h3>\n<p>La responsabilit\u00e9 de la soci\u00e9t\u00e9 west-coastentin ne pourra pas \u00eatre mise en \u0153uvre si la non-ex\u00e9cution ou le retard dans l\u2019ex\u00e9cution de l\u2019une de ses obligations d\u00e9crites dans les pr\u00e9sentes conditions g\u00e9n\u00e9rales de vente d\u00e9coule d\u2019un cas de force majeure. \u00c0 ce titre, la force majeure s\u2019entend de tout \u00e9v\u00e9nement ext\u00e9rieur, impr\u00e9visible et irr\u00e9sistible au sens de l\u2019<a href=\"https:\/\/www.legifrance.gouv.fr\/codes\/article_lc\/LEGIARTI000006436410\/2016-01-01\">article 1148 du Code civil<\/a>.<\/p>\n<h3>Confidentialit\u00e9 :<\/h3>\n<p>Toutes les informations, commerciales ou de quelque nature que ce soit que l\u2019une des parties a pu recueillir sur l\u2019autre partie, sous quelque forme que ce soit et notamment oralement, en particulier \u00e0 l\u2019occasion de r\u00e9unions et d\u2019entretiens, sont confidentielles. Chaque partie s\u2019engage, d\u2019une part, \u00e0 ne pas divulguer, ni \u00e0 communiquer \u00e0 quiconque tout ou partie de ces informations confidentielles et, d\u2019autre part, \u00e0 prendre toute disposition pour que cette confidentialit\u00e9 soit pr\u00e9serv\u00e9e.<\/p>\n<p>Chaque partie, en qualit\u00e9 de b\u00e9n\u00e9ficiaire, s\u2019engage \u00e0 ne faire aucun usage des informations confidentielles dans un but autre que l\u2019ex\u00e9cution du contrat. Les parties s\u2019engagent \u00e0 ne pas revendiquer de droits de propri\u00e9t\u00e9 industrielle, litt\u00e9raires ou artistiques sur les informations confidentielles et sur les connaissances \u00e9tablies \u00e0 partir de ces informations confidentielles. Les documents de toutes sortes fournis par les parties demeurent la propri\u00e9t\u00e9 de chaque partie qui les a fournis.<\/p>\n<p>Les parties s\u2019engagent \u00e0 se restituer mutuellement, sur simple demande ou en cas de r\u00e9siliation du contrat, tous les documents, pi\u00e8ces ou produits communiqu\u00e9s et \u00e0 ne pas en garder de copie ou reproduction. Les obligations d\u00e9finies par le pr\u00e9sent article resteront en vigueur aussi longtemps que les informations confidentielles ne seront pas tomb\u00e9es dans le domaine public.<\/p>\n<h3>Stipulations diverses&nbsp;:<\/h3>\n<p>Tout d\u00e9lai fix\u00e9 par les pr\u00e9sentes conditions g\u00e9n\u00e9rales expire le dernier jour \u00e0 vingt-quatre heures. Le d\u00e9lai qui expirerait un samedi, dimanche, un jour f\u00e9ri\u00e9 ou ch\u00f4m\u00e9, est prorog\u00e9 jusqu\u2019au premier jour ouvrable suivant. Dans l\u2019hypoth\u00e8se o\u00f9 l\u2019une des stipulations des pr\u00e9sentes conditions g\u00e9n\u00e9rales serait consid\u00e9r\u00e9e comme nulle et sans objet, elle serait r\u00e9put\u00e9e non \u00e9crite et n\u2019entra\u00eenerait pas la nullit\u00e9 d\u2019autres stipulations.<\/p>\n<h3><span class=\"fontstyle0\">Acc\u00e8s aux informations informatis\u00e9es :<\/span><\/h3>\n<p><span class=\"fontstyle2\">Conform\u00e9ment \u00e0 la loi n\u00b078-17 du 6 janvier 1978, le Client peut demander la communication des informations le concernant et les faire rectifier.<\/span><\/p>\n<h3>Tribunal comp\u00e9tent :<strong><br><\/strong><\/h3>\n<p>Tout litige relatif \u00e0 l\u2019interpr\u00e9tation et \u00e0 l\u2019ex\u00e9cution des pr\u00e9sentes conditions g\u00e9n\u00e9rales de vente est soumis au droit fran\u00e7ais.<\/p>\n<p>\u00c0 d\u00e9faut de r\u00e9solution amiable, le litige sera port\u00e9 devant le Tribunal de commerce de Saint Lo 50000.<\/p>\n<p>Fait \u00e0 Cr\u00e9ances , le 15\/05\/2024<\/p>\n<p><\/p>\t\t\t\t\t\t<\/div>\n\t\t\t\t<\/div>\n\t\t\t\t\t<\/div>\n\t\t\t\t<\/div>\n\t\t\t\t<\/div>\n\t\t","protected":false},"excerpt":{"rendered":"<p>Objet des conditions g\u00e9n\u00e9rales de vente : Les conditions g\u00e9n\u00e9rales de ventes d\u00e9crites ci-apr\u00e8s d\u00e9taillent les droits et obligations de la soci\u00e9t\u00e9 west-coastentin et de son client dans le cadre de la vente des marchandises (ou services) suivantes : -Prestations d&rsquo;h\u00e9bergement sur site -Vente de photos\/films en format num\u00e9riques. -Accompagnement sur sites de pratique sportive. [&hellip;]<\/p>\n","protected":false},"author":1,"featured_media":0,"parent":0,"menu_order":0,"comment_status":"closed","ping_status":"closed","template":"","meta":{"footnotes":""},"class_list":["post-392","page","type-page","status-publish","hentry","entry","owp-thumbs-layout-horizontal","owp-btn-normal","owp-tabs-layout-horizontal","has-no-thumbnails","has-product-nav"],"_links":{"self":[{"href":"https:\/\/west-coastentin.com\/index.php\/wp-json\/wp\/v2\/pages\/392","targetHints":{"allow":["GET"]}}],"collection":[{"href":"https:\/\/west-coastentin.com\/index.php\/wp-json\/wp\/v2\/pages"}],"about":[{"href":"https:\/\/west-coastentin.com\/index.php\/wp-json\/wp\/v2\/types\/page"}],"author":[{"embeddable":true,"href":"https:\/\/west-coastentin.com\/index.php\/wp-json\/wp\/v2\/users\/1"}],"replies":[{"embeddable":true,"href":"https:\/\/west-coastentin.com\/index.php\/wp-json\/wp\/v2\/comments?post=392"}],"version-history":[{"count":7,"href":"https:\/\/west-coastentin.com\/index.php\/wp-json\/wp\/v2\/pages\/392\/revisions"}],"predecessor-version":[{"id":493,"href":"https:\/\/west-coastentin.com\/index.php\/wp-json\/wp\/v2\/pages\/392\/revisions\/493"}],"wp:attachment":[{"href":"https:\/\/west-coastentin.com\/index.php\/wp-json\/wp\/v2\/media?parent=392"}],"curies":[{"name":"wp","href":"https:\/\/api.w.org\/{rel}","templated":true}]}}