{"id":1405,"date":"2026-05-15T09:18:01","date_gmt":"2026-05-15T07:18:01","guid":{"rendered":"https:\/\/west-coastentin.com\/?page_id=1405"},"modified":"2026-05-15T09:59:23","modified_gmt":"2026-05-15T07:59:23","slug":"sri-lanka-2026-27","status":"publish","type":"page","link":"https:\/\/west-coastentin.com\/index.php\/sri-lanka-2026-27\/","title":{"rendered":"SRI LANKA 2026\/27"},"content":{"rendered":"\t\t<div data-elementor-type=\"wp-page\" data-elementor-id=\"1405\" class=\"elementor elementor-1405\">\n\t\t\t\t<div class=\"elementor-element elementor-element-cf14424 e-flex e-con-boxed e-con e-parent\" data-id=\"cf14424\" data-element_type=\"container\">\n\t\t\t\t\t<div class=\"e-con-inner\">\n\t\t\t\t<div class=\"elementor-element elementor-element-d4e855d elementor-widget elementor-widget-heading\" data-id=\"d4e855d\" data-element_type=\"widget\" data-widget_type=\"heading.default\">\n\t\t\t\t<div class=\"elementor-widget-container\">\n\t\t\t<style>\/*! elementor - v3.23.0 - 15-07-2024 *\/\n.elementor-heading-title{padding:0;margin:0;line-height:1}.elementor-widget-heading .elementor-heading-title[class*=elementor-size-]>a{color:inherit;font-size:inherit;line-height:inherit}.elementor-widget-heading .elementor-heading-title.elementor-size-small{font-size:15px}.elementor-widget-heading .elementor-heading-title.elementor-size-medium{font-size:19px}.elementor-widget-heading .elementor-heading-title.elementor-size-large{font-size:29px}.elementor-widget-heading .elementor-heading-title.elementor-size-xl{font-size:39px}.elementor-widget-heading .elementor-heading-title.elementor-size-xxl{font-size:59px}<\/style><h2 class=\"elementor-heading-title elementor-size-default\">  SRI LANKA trip 2026\/2027<\/h2>\t\t<\/div>\n\t\t\t\t<\/div>\n\t\t<div class=\"elementor-element elementor-element-e6269bc e-con-full e-flex e-con e-child\" data-id=\"e6269bc\" data-element_type=\"container\">\n\t\t\t\t<div class=\"elementor-element elementor-element-9b26e30 elementor-widget elementor-widget-image\" data-id=\"9b26e30\" data-element_type=\"widget\" data-widget_type=\"image.default\">\n\t\t\t\t<div class=\"elementor-widget-container\">\n\t\t\t<style>\/*! elementor - v3.23.0 - 15-07-2024 *\/\n.elementor-widget-image{text-align:center}.elementor-widget-image a{display:inline-block}.elementor-widget-image a img[src$=\".svg\"]{width:48px}.elementor-widget-image img{vertical-align:middle;display:inline-block}<\/style>\t\t\t\t\t\t\t\t\t\t<img fetchpriority=\"high\" decoding=\"async\" width=\"1024\" height=\"682\" src=\"https:\/\/west-coastentin.com\/wp-content\/uploads\/2026\/05\/57026412_2234435303317926_4627075320040652800_n-1024x682.jpeg\" class=\"attachment-large size-large wp-image-1406\" alt=\"TRIP SRI LANKA\" srcset=\"https:\/\/west-coastentin.com\/wp-content\/uploads\/2026\/05\/57026412_2234435303317926_4627075320040652800_n-1024x682.jpeg 1024w, https:\/\/west-coastentin.com\/wp-content\/uploads\/2026\/05\/57026412_2234435303317926_4627075320040652800_n-400x266.jpeg 400w, https:\/\/west-coastentin.com\/wp-content\/uploads\/2026\/05\/57026412_2234435303317926_4627075320040652800_n-768x512.jpeg 768w, https:\/\/west-coastentin.com\/wp-content\/uploads\/2026\/05\/57026412_2234435303317926_4627075320040652800_n-1536x1023.jpeg 1536w, https:\/\/west-coastentin.com\/wp-content\/uploads\/2026\/05\/57026412_2234435303317926_4627075320040652800_n-600x400.jpeg 600w, https:\/\/west-coastentin.com\/wp-content\/uploads\/2026\/05\/57026412_2234435303317926_4627075320040652800_n.jpeg 2048w\" sizes=\"(max-width: 1024px) 100vw, 1024px\" \/>\t\t\t\t\t\t\t\t\t\t\t\t\t<\/div>\n\t\t\t\t<\/div>\n\t\t\t\t<\/div>\n\t\t\t\t\t<\/div>\n\t\t\t\t<\/div>\n\t\t<div class=\"elementor-element elementor-element-f3dc8f6 e-flex e-con-boxed e-con e-parent\" data-id=\"f3dc8f6\" data-element_type=\"container\">\n\t\t\t\t\t<div class=\"e-con-inner\">\n\t\t\t\t<div class=\"elementor-element elementor-element-ba15681 elementor-widget elementor-widget-text-editor\" data-id=\"ba15681\" data-element_type=\"widget\" data-widget_type=\"text-editor.default\">\n\t\t\t\t<div class=\"elementor-widget-container\">\n\t\t\t<style>\/*! elementor - v3.23.0 - 15-07-2024 *\/\n.elementor-widget-text-editor.elementor-drop-cap-view-stacked .elementor-drop-cap{background-color:#69727d;color:#fff}.elementor-widget-text-editor.elementor-drop-cap-view-framed .elementor-drop-cap{color:#69727d;border:3px solid;background-color:transparent}.elementor-widget-text-editor:not(.elementor-drop-cap-view-default) .elementor-drop-cap{margin-top:8px}.elementor-widget-text-editor:not(.elementor-drop-cap-view-default) .elementor-drop-cap-letter{width:1em;height:1em}.elementor-widget-text-editor .elementor-drop-cap{float:left;text-align:center;line-height:1;font-size:50px}.elementor-widget-text-editor .elementor-drop-cap-letter{display:inline-block}<\/style>\t\t\t\t<p>Pour l&rsquo;hiver qui vient, West-coastentin change d&rsquo;oc\u00e9an et \u00e0 trouv\u00e9 une p\u00e9pite pour la pratique de nos sports. Kalpitiya c\u00f4te ouest du Sri Lanka, profite en hiver de deux mois et demi de vent de mi d\u00e9cembre et fin f\u00e9vrier. Immense lagons et quelques vagues sur des sites biens pr\u00e9cis, c&rsquo;est un paradis du foil.<\/p><p>Je fais un partenariat cette ann\u00e9es avec <strong>kitesurfing lanka<\/strong>, mont\u00e9 par un Fran\u00e7ais, un site d\u00e9dier au kite avec des propositions d&rsquo;h\u00e9bergements en pension compl\u00e8te \u00e0 tous les prix pour tous les budgets.\u00a0<\/p><p>Le Sri Lanka est aussi une belle destination culturelle et d\u00e9routante pour ces temples bouddhistes et plein d&rsquo;autres belles choses \u00e0 d\u00e9couvrir pour les jours de vent trop faible.<\/p>\t\t\t\t\t\t<\/div>\n\t\t\t\t<\/div>\n\t\t<div class=\"elementor-element elementor-element-a49f92b e-con-full e-flex e-con e-child\" data-id=\"a49f92b\" data-element_type=\"container\">\n\t\t\t\t<div class=\"elementor-element elementor-element-24157b2 elementor-position-right elementor-vertical-align-middle elementor-widget elementor-widget-image-box\" data-id=\"24157b2\" data-element_type=\"widget\" data-widget_type=\"image-box.default\">\n\t\t\t\t<div class=\"elementor-widget-container\">\n\t\t\t<style>\/*! elementor - v3.23.0 - 15-07-2024 *\/\n.elementor-widget-image-box .elementor-image-box-content{width:100%}@media (min-width:768px){.elementor-widget-image-box.elementor-position-left .elementor-image-box-wrapper,.elementor-widget-image-box.elementor-position-right .elementor-image-box-wrapper{display:flex}.elementor-widget-image-box.elementor-position-right .elementor-image-box-wrapper{text-align:end;flex-direction:row-reverse}.elementor-widget-image-box.elementor-position-left .elementor-image-box-wrapper{text-align:start;flex-direction:row}.elementor-widget-image-box.elementor-position-top .elementor-image-box-img{margin:auto}.elementor-widget-image-box.elementor-vertical-align-top .elementor-image-box-wrapper{align-items:flex-start}.elementor-widget-image-box.elementor-vertical-align-middle .elementor-image-box-wrapper{align-items:center}.elementor-widget-image-box.elementor-vertical-align-bottom .elementor-image-box-wrapper{align-items:flex-end}}@media (max-width:767px){.elementor-widget-image-box .elementor-image-box-img{margin-left:auto!important;margin-right:auto!important;margin-bottom:15px}}.elementor-widget-image-box .elementor-image-box-img{display:inline-block}.elementor-widget-image-box .elementor-image-box-title a{color:inherit}.elementor-widget-image-box .elementor-image-box-wrapper{text-align:center}.elementor-widget-image-box .elementor-image-box-description{margin:0}<\/style><div class=\"elementor-image-box-wrapper\"><figure class=\"elementor-image-box-img\"><img decoding=\"async\" width=\"814\" height=\"551\" src=\"https:\/\/west-coastentin.com\/wp-content\/uploads\/2026\/05\/Capture-decran-1296.png\" class=\"attachment-full size-full wp-image-1407\" alt=\"\" srcset=\"https:\/\/west-coastentin.com\/wp-content\/uploads\/2026\/05\/Capture-decran-1296.png 814w, https:\/\/west-coastentin.com\/wp-content\/uploads\/2026\/05\/Capture-decran-1296-400x271.png 400w, https:\/\/west-coastentin.com\/wp-content\/uploads\/2026\/05\/Capture-decran-1296-768x520.png 768w, https:\/\/west-coastentin.com\/wp-content\/uploads\/2026\/05\/Capture-decran-1296-600x406.png 600w\" sizes=\"(max-width: 814px) 100vw, 814px\" \/><\/figure><div class=\"elementor-image-box-content\"><h3 class=\"elementor-image-box-title\">Sri Lanka destination kite.<\/h3><p class=\"elementor-image-box-description\">Malgr\u00e9 le fait que la plus haute saison soit de mai \u00e0 octobre, un cr\u00e9neau de vent est l\u00e0 en hiver. Le choix de ce site est li\u00e9 \u00e0 ses lagons immenses qui permettent de grandes navigations en foil et kite, mais aussi parce que kitesurfing lanka propose, en plus d'h\u00e9bergements sympas, des transports bateaux ou 4X4 pour aller d\u00e9couvrir d'autres spots ( sur base de 4). Vent un peu light serte mais une belle \u00e9chapp\u00e9 d\u00e9couverte pour notre hiver temp\u00e9ratures 29\u00b0 eau pareil. <\/p><\/div><\/div>\t\t<\/div>\n\t\t\t\t<\/div>\n\t\t<div class=\"elementor-element elementor-element-f3bbb18 e-con-full e-flex e-con e-child\" data-id=\"f3bbb18\" data-element_type=\"container\">\n\t\t\t\t<div class=\"elementor-element elementor-element-ec2cd42 elementor-position-left elementor-vertical-align-middle elementor-widget elementor-widget-image-box\" data-id=\"ec2cd42\" data-element_type=\"widget\" data-widget_type=\"image-box.default\">\n\t\t\t\t<div class=\"elementor-widget-container\">\n\t\t\t<div class=\"elementor-image-box-wrapper\"><figure class=\"elementor-image-box-img\"><img decoding=\"async\" width=\"1080\" height=\"720\" src=\"https:\/\/west-coastentin.com\/wp-content\/uploads\/2026\/05\/ALX_8192-1.webp\" class=\"attachment-full size-full wp-image-1408\" alt=\"\" srcset=\"https:\/\/west-coastentin.com\/wp-content\/uploads\/2026\/05\/ALX_8192-1.webp 1080w, https:\/\/west-coastentin.com\/wp-content\/uploads\/2026\/05\/ALX_8192-1-400x267.webp 400w, https:\/\/west-coastentin.com\/wp-content\/uploads\/2026\/05\/ALX_8192-1-1024x683.webp 1024w, https:\/\/west-coastentin.com\/wp-content\/uploads\/2026\/05\/ALX_8192-1-768x512.webp 768w, https:\/\/west-coastentin.com\/wp-content\/uploads\/2026\/05\/ALX_8192-1-600x400.webp 600w\" sizes=\"(max-width: 1080px) 100vw, 1080px\" \/><\/figure><div class=\"elementor-image-box-content\"><h3 class=\"elementor-image-box-title\">H\u00e9bergements<\/h3><p class=\"elementor-image-box-description\">Kitesurfing Lanka propose une gamme de bungalows de diff\u00e9rentes tailles \u00e0 diff\u00e9rents prix, de la tente de camping sous abri au bungalow de luxe. Les prix qui apparaissent ci dessous sont des tarifs en pension compl\u00e8te uniquement. Vous pouvez en passant par moi obtenir 10% sur les tarifs h\u00e9bergements ci dessous , ou partager ( riders solitaires ou 2 potes ) le bungalow que j'ai r\u00e9serv\u00e9  pour 3 mois (  1 pax en colocation ou 2 X 1 pax, avec moi sous le m\u00eame toit, 3 lits dans grande chambre). <br>Dans l'ordre de prix: <b>glamping <\/b>( sous tente, sous abris, sanitaires commun): 40\u20ac\/j\/personne,<br><b>Bungalow lagon<\/b> 65\u20ac,55\/j\/ personne; 2 pax,50\u20ac; 3 personnes. *c'est  celui que j'ai r\u00e9serv\u00e9<br><b>Bungalow jardin<\/b>: 80\/ j pour 1, 70\/j\/personne pour 2, 65\u20ac pour 3 personnes<br><b>Bungalow plage et premium: <\/b>110\/j pour 1, puis 100\/j\/personne \u00e0 partir de 2.  <b>\n<\/b><\/p><\/div><\/div>\t\t<\/div>\n\t\t\t\t<\/div>\n\t\t<div class=\"elementor-element elementor-element-3e04d0f e-con-full e-flex e-con e-child\" data-id=\"3e04d0f\" data-element_type=\"container\">\n\t\t\t\t<div class=\"elementor-element elementor-element-ad10dec elementor-position-right elementor-vertical-align-middle elementor-widget elementor-widget-image-box\" data-id=\"ad10dec\" data-element_type=\"widget\" data-widget_type=\"image-box.default\">\n\t\t\t\t<div class=\"elementor-widget-container\">\n\t\t\t<div class=\"elementor-image-box-wrapper\"><figure class=\"elementor-image-box-img\"><img loading=\"lazy\" decoding=\"async\" width=\"600\" height=\"310\" src=\"https:\/\/west-coastentin.com\/wp-content\/uploads\/2026\/05\/air-journal_Etihad-Airways-787-9-new-look-600x310-1.jpg\" class=\"attachment-full size-full wp-image-1409\" alt=\"trip kite sri lanka\" srcset=\"https:\/\/west-coastentin.com\/wp-content\/uploads\/2026\/05\/air-journal_Etihad-Airways-787-9-new-look-600x310-1.jpg 600w, https:\/\/west-coastentin.com\/wp-content\/uploads\/2026\/05\/air-journal_Etihad-Airways-787-9-new-look-600x310-1-400x207.jpg 400w\" sizes=\"(max-width: 600px) 100vw, 600px\" \/><\/figure><div class=\"elementor-image-box-content\"><h3 class=\"elementor-image-box-title\">Y aller, transports a\u00e9riens<\/h3><p class=\"elementor-image-box-description\">* WEST-COASTENTIN NE S'OCCUPE PAS DE VOS BILLETS D'AVION...vous g\u00e9rez en direct sur le site de la compagnie ou en agence de voyage...Plusieurs compagnies vous permettent d'aller a Colombo, dont air France, Emirate, etihad et quelques autres. Aucun vol directe, toujours une escale.\nJe conseil Etihad: escale a Abu Dhabi, vous pouvez choisir plusieurs formule en \u00e9conomique et rajouter des kilos ( par lot de 5 )a l'achat. Pour voyager avec le matos, prendre un billet en \u00e9conomique pr\u00e9mium qui vous permet d'embarquer 40 kgs de bagage ( board bag jusqu'a 3 m et 32 kgs max) et dans la suite de l'achat de rajouter des kgs en lot de 5.\nPour info de prix, billet aller retour+ pr\u00e9mium 40 kgs +2X5 kgs un peu plus que 1500 \u20ac. <\/p><\/div><\/div>\t\t<\/div>\n\t\t\t\t<\/div>\n\t\t<div class=\"elementor-element elementor-element-2017667 e-con-full e-flex e-con e-child\" data-id=\"2017667\" data-element_type=\"container\">\n\t\t\t\t<div class=\"elementor-element elementor-element-cef3bfa elementor-position-left elementor-vertical-align-middle elementor-widget elementor-widget-image-box\" data-id=\"cef3bfa\" data-element_type=\"widget\" data-widget_type=\"image-box.default\">\n\t\t\t\t<div class=\"elementor-widget-container\">\n\t\t\t<div class=\"elementor-image-box-wrapper\"><figure class=\"elementor-image-box-img\"><img loading=\"lazy\" decoding=\"async\" width=\"800\" height=\"533\" src=\"https:\/\/west-coastentin.com\/wp-content\/uploads\/2026\/05\/Kite_Surfing_in_Kalpitiya_5_d5de22b8a5.jpg\" class=\"attachment-full size-full wp-image-1410\" alt=\"kite trip sri lanka\" srcset=\"https:\/\/west-coastentin.com\/wp-content\/uploads\/2026\/05\/Kite_Surfing_in_Kalpitiya_5_d5de22b8a5.jpg 800w, https:\/\/west-coastentin.com\/wp-content\/uploads\/2026\/05\/Kite_Surfing_in_Kalpitiya_5_d5de22b8a5-400x267.jpg 400w, https:\/\/west-coastentin.com\/wp-content\/uploads\/2026\/05\/Kite_Surfing_in_Kalpitiya_5_d5de22b8a5-768x512.jpg 768w, https:\/\/west-coastentin.com\/wp-content\/uploads\/2026\/05\/Kite_Surfing_in_Kalpitiya_5_d5de22b8a5-600x400.jpg 600w\" sizes=\"(max-width: 800px) 100vw, 800px\" \/><\/figure><div class=\"elementor-image-box-content\"><h3 class=\"elementor-image-box-title\">KITESURFING SRI LANKA<\/h3><p class=\"elementor-image-box-description\">En plus de l'h\u00e9bergement et de la pension compl\u00e8te, le centre propose tous les services pour le kitesurf.\nVous pourrez faire des excursions sur des spots paradisiaques en bateau ou 4X4  la demi journ\u00e9e ou journ\u00e9e, louer du mat\u00e9riel, prendre des cours toutes disciplines, faire r\u00e9parer les ailes et les board, acheter au surf shop du centre, faire des excursions pour visiter des sites remarquables sur l'\u00eele. Pour tous renseignement me contacter.<\/p><\/div><\/div>\t\t<\/div>\n\t\t\t\t<\/div>\n\t\t<div class=\"elementor-element elementor-element-625911d e-con-full e-flex e-con e-child\" data-id=\"625911d\" data-element_type=\"container\">\n\t\t\t\t<div class=\"elementor-element elementor-element-5b14a6b elementor-widget elementor-widget-text-editor\" data-id=\"5b14a6b\" data-element_type=\"widget\" data-widget_type=\"text-editor.default\">\n\t\t\t\t<div class=\"elementor-widget-container\">\n\t\t\t\t\t\t\t<p>\u00a0 \u00a0 \u00a0 \u00a0 \u00a0 \u00a0 \u00a0 \u00a0 \u00a0 \u00a0 \u00a0 \u00a0 \u00a0 \u00a0 \u00a0 \u00a0 \u00a0 \u00a0 \u00a0 \u00a0 \u00a0 \u00a0 \u00a0 \u00a0 \u00a0 \u00a0 \u00a0 \u00a0 \u00a0 \u00a0 \u00a0 \u00a0 <strong>\u00a0INFO PRATIQUES SRI LANKA<\/strong><\/p><p><u><b>Visas<\/b><\/u>: le visas est obligatoire, vous pouvez ici en lien faire la <strong><a href=\"https:\/\/eta.gov.lk\/etaslvisa\/etaNavServ?payType=1\">d\u00e9marche en ligne demande d&rsquo;ETA<\/a>.<\/strong><\/p><p><strong><span style=\"text-decoration: underline;\">Sant\u00e9<\/span>: <\/strong>Pas d&rsquo;obligation vaccinale exig\u00e9e, mais les vaccins de zones tropicales sont conseill\u00e9s. <strong>NE PAS BOIRE L&rsquo;EAU DU ROBINET <\/strong>( pr\u00e9voir anti diar\u00e9e dans votre pharma ).<\/p><p><strong><span style=\"text-decoration: underline;\">Moustiques<\/span>: <\/strong>Comme toute zone tropicale, il y a des moustique, donc n&rsquo;oubliez pas les sprays anti-moustiques, la cr\u00e8me calmante apaisil qui va avec.<\/p><p><span style=\"text-decoration: underline;\"><strong>Prise de courant<\/strong><\/span>: Il vous faudra un adaptateur car les prise sont diff\u00e9rentes, mais pas besoin de transformateur puisque le courant est du 230V \/ 50 htz comme en France, on trouve des adapteurs sur internet.<\/p><p><strong><span style=\"text-decoration: underline;\">Argent<\/span><\/strong>: ROUPIE SRI LANKAI (LKR)<\/p><p>D&rsquo;autres infos a suivre&#8230;..<\/p>\t\t\t\t\t\t<\/div>\n\t\t\t\t<\/div>\n\t\t\t\t<\/div>\n\t\t\t\t<\/div>\n\t\t\t\t<\/div>\n\t\t\t\t<\/div>\n\t\t\t\t<\/div>\n\t\t\t\t\t<\/div>\n\t\t\t\t<\/div>\n\t\t<div class=\"elementor-element elementor-element-35482c3 e-flex e-con-boxed e-con e-parent\" data-id=\"35482c3\" data-element_type=\"container\">\n\t\t\t\t\t<div class=\"e-con-inner\">\n\t\t\t\t<div class=\"elementor-element elementor-element-cf7f0d7 elementor-arrows-position-inside elementor-pagination-position-outside elementor-widget elementor-widget-image-carousel\" data-id=\"cf7f0d7\" data-element_type=\"widget\" data-settings=\"{&quot;navigation&quot;:&quot;both&quot;,&quot;autoplay&quot;:&quot;yes&quot;,&quot;pause_on_hover&quot;:&quot;yes&quot;,&quot;pause_on_interaction&quot;:&quot;yes&quot;,&quot;autoplay_speed&quot;:5000,&quot;infinite&quot;:&quot;yes&quot;,&quot;speed&quot;:500}\" data-widget_type=\"image-carousel.default\">\n\t\t\t\t<div class=\"elementor-widget-container\">\n\t\t\t<style>\/*! elementor - v3.23.0 - 15-07-2024 *\/\n.elementor-widget-image-carousel .swiper,.elementor-widget-image-carousel .swiper-container{position:static}.elementor-widget-image-carousel .swiper-container .swiper-slide figure,.elementor-widget-image-carousel .swiper .swiper-slide figure{line-height:inherit}.elementor-widget-image-carousel .swiper-slide{text-align:center}.elementor-image-carousel-wrapper:not(.swiper-container-initialized):not(.swiper-initialized) .swiper-slide{max-width:calc(100% \/ var(--e-image-carousel-slides-to-show, 3))}<\/style>\t\t<div class=\"elementor-image-carousel-wrapper swiper\" dir=\"ltr\">\n\t\t\t<div class=\"elementor-image-carousel swiper-wrapper\" aria-live=\"off\">\n\t\t\t\t\t\t\t\t<div class=\"swiper-slide\" role=\"group\" aria-roledescription=\"slide\" aria-label=\"1 sur 12\"><figure class=\"swiper-slide-inner\"><img decoding=\"async\" class=\"swiper-slide-image\" src=\"https:\/\/west-coastentin.com\/wp-content\/uploads\/2026\/05\/53877585_2184476811647109_2413457224450965504_n-150x150.webp\" alt=\"kite trip sri lanka\" \/><\/figure><\/div><div class=\"swiper-slide\" role=\"group\" aria-roledescription=\"slide\" aria-label=\"2 sur 12\"><figure class=\"swiper-slide-inner\"><img decoding=\"async\" class=\"swiper-slide-image\" src=\"https:\/\/west-coastentin.com\/wp-content\/uploads\/2026\/05\/Kite_Surfing_in_Kalpitiya_5_d5de22b8a5-150x150.jpg\" alt=\"kite trip sri lanka\" \/><\/figure><\/div><div class=\"swiper-slide\" role=\"group\" aria-roledescription=\"slide\" aria-label=\"3 sur 12\"><figure class=\"swiper-slide-inner\"><img decoding=\"async\" class=\"swiper-slide-image\" src=\"https:\/\/west-coastentin.com\/wp-content\/uploads\/2026\/05\/alx-0051-1-65fc0f5156d5a-150x150.webp\" alt=\"alx-0051-1-65fc0f5156d5a\" \/><\/figure><\/div><div class=\"swiper-slide\" role=\"group\" aria-roledescription=\"slide\" aria-label=\"4 sur 12\"><figure class=\"swiper-slide-inner\"><img decoding=\"async\" class=\"swiper-slide-image\" src=\"https:\/\/west-coastentin.com\/wp-content\/uploads\/2026\/05\/ALX_4420-copy-150x150.jpg\" alt=\"ALX_4420 copy\" \/><\/figure><\/div><div class=\"swiper-slide\" role=\"group\" aria-roledescription=\"slide\" aria-label=\"5 sur 12\"><figure class=\"swiper-slide-inner\"><img decoding=\"async\" class=\"swiper-slide-image\" src=\"https:\/\/west-coastentin.com\/wp-content\/uploads\/2026\/05\/ALX_8004-150x150.webp\" alt=\"ALX_8004\" \/><\/figure><\/div><div class=\"swiper-slide\" role=\"group\" aria-roledescription=\"slide\" aria-label=\"6 sur 12\"><figure class=\"swiper-slide-inner\"><img decoding=\"async\" class=\"swiper-slide-image\" src=\"https:\/\/west-coastentin.com\/wp-content\/uploads\/2026\/05\/03-150x150.jpg\" alt=\"03\" \/><\/figure><\/div><div class=\"swiper-slide\" role=\"group\" aria-roledescription=\"slide\" aria-label=\"7 sur 12\"><figure class=\"swiper-slide-inner\"><img decoding=\"async\" class=\"swiper-slide-image\" src=\"https:\/\/west-coastentin.com\/wp-content\/uploads\/2026\/05\/kalpitiya-kite-trips-sri-lanka-kitesurfinglanka-150x150.webp\" alt=\"kalpitiya-kite-trips-sri-lanka-kitesurfinglanka\" \/><\/figure><\/div><div class=\"swiper-slide\" role=\"group\" aria-roledescription=\"slide\" aria-label=\"8 sur 12\"><figure class=\"swiper-slide-inner\"><img decoding=\"async\" class=\"swiper-slide-image\" src=\"https:\/\/west-coastentin.com\/wp-content\/uploads\/2026\/05\/home1-2-150x150.jpg\" alt=\"home1-2\" \/><\/figure><\/div><div class=\"swiper-slide\" role=\"group\" aria-roledescription=\"slide\" aria-label=\"9 sur 12\"><figure class=\"swiper-slide-inner\"><img decoding=\"async\" class=\"swiper-slide-image\" src=\"https:\/\/west-coastentin.com\/wp-content\/uploads\/2026\/05\/lagoon-bungalows-150x150.webp\" alt=\"lagoon-bungalows\" \/><\/figure><\/div><div class=\"swiper-slide\" role=\"group\" aria-roledescription=\"slide\" aria-label=\"10 sur 12\"><figure class=\"swiper-slide-inner\"><img decoding=\"async\" class=\"swiper-slide-image\" src=\"https:\/\/west-coastentin.com\/wp-content\/uploads\/2026\/05\/Kite_Surfing_in_Kalpitiya_5_d5de22b8a5-1-150x150.jpg\" alt=\"Kite_Surfing_in_Kalpitiya_5_d5de22b8a5\" \/><\/figure><\/div><div class=\"swiper-slide\" role=\"group\" aria-roledescription=\"slide\" aria-label=\"11 sur 12\"><figure class=\"swiper-slide-inner\"><img decoding=\"async\" class=\"swiper-slide-image\" src=\"https:\/\/west-coastentin.com\/wp-content\/uploads\/2026\/05\/61145325-2305499582878164-6441836033532231680-n-65fbd829ca4ed-150x150.webp\" alt=\"61145325-2305499582878164-6441836033532231680-n-65fbd829ca4ed\" \/><\/figure><\/div><div class=\"swiper-slide\" role=\"group\" aria-roledescription=\"slide\" aria-label=\"12 sur 12\"><figure class=\"swiper-slide-inner\"><img decoding=\"async\" class=\"swiper-slide-image\" src=\"https:\/\/west-coastentin.com\/wp-content\/uploads\/2026\/05\/55719311_2213824352045688_940499852440109056_n-150x150.webp\" alt=\"55719311_2213824352045688_940499852440109056_n\" \/><\/figure><\/div>\t\t\t<\/div>\n\t\t\t\t\t\t\t\t\t\t\t\t<div class=\"elementor-swiper-button elementor-swiper-button-prev\" role=\"button\" tabindex=\"0\">\n\t\t\t\t\t\t<svg aria-hidden=\"true\" class=\"e-font-icon-svg e-eicon-chevron-left\" viewBox=\"0 0 1000 1000\" xmlns=\"http:\/\/www.w3.org\/2000\/svg\"><path d=\"M646 125C629 125 613 133 604 142L308 442C296 454 292 471 292 487 292 504 296 521 308 533L604 854C617 867 629 875 646 875 663 875 679 871 692 858 704 846 713 829 713 812 713 796 708 779 692 767L438 487 692 225C700 217 708 204 708 187 708 171 704 154 692 142 675 129 663 125 646 125Z\"><\/path><\/svg>\t\t\t\t\t<\/div>\n\t\t\t\t\t<div class=\"elementor-swiper-button elementor-swiper-button-next\" role=\"button\" tabindex=\"0\">\n\t\t\t\t\t\t<svg aria-hidden=\"true\" class=\"e-font-icon-svg e-eicon-chevron-right\" viewBox=\"0 0 1000 1000\" xmlns=\"http:\/\/www.w3.org\/2000\/svg\"><path d=\"M696 533C708 521 713 504 713 487 713 471 708 454 696 446L400 146C388 133 375 125 354 125 338 125 325 129 313 142 300 154 292 171 292 187 292 204 296 221 308 233L563 492 304 771C292 783 288 800 288 817 288 833 296 850 308 863 321 871 338 875 354 875 371 875 388 867 400 854L696 533Z\"><\/path><\/svg>\t\t\t\t\t<\/div>\n\t\t\t\t\n\t\t\t\t\t\t\t\t\t<div class=\"swiper-pagination\"><\/div>\n\t\t\t\t\t\t\t\t\t<\/div>\n\t\t\t\t<\/div>\n\t\t\t\t<\/div>\n\t\t\t\t\t<\/div>\n\t\t\t\t<\/div>\n\t\t\t\t<\/div>\n\t\t","protected":false},"excerpt":{"rendered":"<p>SRI LANKA trip 2026\/2027 Pour l&rsquo;hiver qui vient, West-coastentin change d&rsquo;oc\u00e9an et \u00e0 trouv\u00e9 une p\u00e9pite pour la pratique de nos sports. Kalpitiya c\u00f4te ouest du Sri Lanka, profite en hiver de deux mois et demi de vent de mi d\u00e9cembre et fin f\u00e9vrier. Immense lagons et quelques vagues sur des sites biens pr\u00e9cis, c&rsquo;est [&hellip;]<\/p>\n","protected":false},"author":1,"featured_media":0,"parent":0,"menu_order":0,"comment_status":"closed","ping_status":"closed","template":"","meta":{"footnotes":""},"class_list":["post-1405","page","type-page","status-publish","hentry","entry","owp-thumbs-layout-horizontal","owp-btn-normal","owp-tabs-layout-horizontal","has-no-thumbnails","has-product-nav"],"_links":{"self":[{"href":"https:\/\/west-coastentin.com\/index.php\/wp-json\/wp\/v2\/pages\/1405","targetHints":{"allow":["GET"]}}],"collection":[{"href":"https:\/\/west-coastentin.com\/index.php\/wp-json\/wp\/v2\/pages"}],"about":[{"href":"https:\/\/west-coastentin.com\/index.php\/wp-json\/wp\/v2\/types\/page"}],"author":[{"embeddable":true,"href":"https:\/\/west-coastentin.com\/index.php\/wp-json\/wp\/v2\/users\/1"}],"replies":[{"embeddable":true,"href":"https:\/\/west-coastentin.com\/index.php\/wp-json\/wp\/v2\/comments?post=1405"}],"version-history":[{"count":9,"href":"https:\/\/west-coastentin.com\/index.php\/wp-json\/wp\/v2\/pages\/1405\/revisions"}],"predecessor-version":[{"id":1439,"href":"https:\/\/west-coastentin.com\/index.php\/wp-json\/wp\/v2\/pages\/1405\/revisions\/1439"}],"wp:attachment":[{"href":"https:\/\/west-coastentin.com\/index.php\/wp-json\/wp\/v2\/media?parent=1405"}],"curies":[{"name":"wp","href":"https:\/\/api.w.org\/{rel}","templated":true}]}}