{"id":1199,"date":"2025-06-05T19:14:36","date_gmt":"2025-06-05T17:14:36","guid":{"rendered":"https:\/\/west-coastentin.com\/?page_id=1199"},"modified":"2025-06-12T09:05:27","modified_gmt":"2025-06-12T07:05:27","slug":"kite-attitude-foils","status":"publish","type":"page","link":"https:\/\/west-coastentin.com\/index.php\/kite-attitude-foils\/","title":{"rendered":"KITE ATTITUDE FOILS"},"content":{"rendered":"\t\t<div data-elementor-type=\"wp-page\" data-elementor-id=\"1199\" class=\"elementor elementor-1199\">\n\t\t\t\t<div class=\"elementor-element elementor-element-17e2c98 e-flex e-con-boxed e-con e-parent\" data-id=\"17e2c98\" data-element_type=\"container\">\n\t\t\t\t\t<div class=\"e-con-inner\">\n\t\t\t\t<div class=\"elementor-element elementor-element-3835fc8 elementor-widget elementor-widget-heading\" data-id=\"3835fc8\" data-element_type=\"widget\" data-widget_type=\"heading.default\">\n\t\t\t\t<div class=\"elementor-widget-container\">\n\t\t\t<style>\/*! elementor - v3.23.0 - 15-07-2024 *\/\n.elementor-heading-title{padding:0;margin:0;line-height:1}.elementor-widget-heading .elementor-heading-title[class*=elementor-size-]>a{color:inherit;font-size:inherit;line-height:inherit}.elementor-widget-heading .elementor-heading-title.elementor-size-small{font-size:15px}.elementor-widget-heading .elementor-heading-title.elementor-size-medium{font-size:19px}.elementor-widget-heading .elementor-heading-title.elementor-size-large{font-size:29px}.elementor-widget-heading .elementor-heading-title.elementor-size-xl{font-size:39px}.elementor-widget-heading .elementor-heading-title.elementor-size-xxl{font-size:59px}<\/style><h2 class=\"elementor-heading-title elementor-size-default\">LES FOILS KITES ATTITUDE<\/h2>\t\t<\/div>\n\t\t\t\t<\/div>\n\t\t<div class=\"elementor-element elementor-element-ead36b8 e-con-full e-flex e-con e-child\" data-id=\"ead36b8\" data-element_type=\"container\">\n\t\t\t\t<div class=\"elementor-element elementor-element-7a8a975 elementor-widget elementor-widget-text-editor\" data-id=\"7a8a975\" data-element_type=\"widget\" data-widget_type=\"text-editor.default\">\n\t\t\t\t<div class=\"elementor-widget-container\">\n\t\t\t<style>\/*! elementor - v3.23.0 - 15-07-2024 *\/\n.elementor-widget-text-editor.elementor-drop-cap-view-stacked .elementor-drop-cap{background-color:#69727d;color:#fff}.elementor-widget-text-editor.elementor-drop-cap-view-framed .elementor-drop-cap{color:#69727d;border:3px solid;background-color:transparent}.elementor-widget-text-editor:not(.elementor-drop-cap-view-default) .elementor-drop-cap{margin-top:8px}.elementor-widget-text-editor:not(.elementor-drop-cap-view-default) .elementor-drop-cap-letter{width:1em;height:1em}.elementor-widget-text-editor .elementor-drop-cap{float:left;text-align:center;line-height:1;font-size:50px}.elementor-widget-text-editor .elementor-drop-cap-letter{display:inline-block}<\/style>\t\t\t\t<p>M\u00eame intelligence de conception que pour les barres, le fuselage KITE ATTITUDE s&rsquo;adapte \u00e0 tous les foils de la marque. La finition de tous les foils est exceptionnelle, une tr\u00e8s belle qualit\u00e9.\u00a0<\/p><p>Nous mettons en avant la gamme de foils Ultra qui avec ces 4 ailes et 2 stab, permet de couvrir tous les sports de foils, et toujours a des prix tr\u00e8s raisonnables en rapport avec la qualit\u00e9 de fabrication. Les autres foils sont pr\u00e9sent\u00e9s de la marque en fin de page.<\/p><p><strong>WEST-COASTENTIN VOUS PERMET DE TESTER LES FOILS ULTRA<\/strong> 700, 950, 1150 en kite fois, wing foil, surf foil, sur rendez vous sur r\u00e9gion Basse Normandie et Nord Bretagne. Vous venez avec votre board et on installe le FOIL ULTRA KITE ATTITUDE pour que vous puissiez le tester en gardant vos rep\u00e8res.\u00a0<\/p>\t\t\t\t\t\t<\/div>\n\t\t\t\t<\/div>\n\t\t<div class=\"elementor-element elementor-element-a45b355 e-con-full e-flex e-con e-child\" data-id=\"a45b355\" data-element_type=\"container\">\n\t\t\t\t<div class=\"elementor-element elementor-element-11bd41a elementor-position-right elementor-vertical-align-top elementor-widget elementor-widget-image-box\" data-id=\"11bd41a\" data-element_type=\"widget\" data-widget_type=\"image-box.default\">\n\t\t\t\t<div class=\"elementor-widget-container\">\n\t\t\t<style>\/*! elementor - v3.23.0 - 15-07-2024 *\/\n.elementor-widget-image-box .elementor-image-box-content{width:100%}@media (min-width:768px){.elementor-widget-image-box.elementor-position-left .elementor-image-box-wrapper,.elementor-widget-image-box.elementor-position-right .elementor-image-box-wrapper{display:flex}.elementor-widget-image-box.elementor-position-right .elementor-image-box-wrapper{text-align:end;flex-direction:row-reverse}.elementor-widget-image-box.elementor-position-left .elementor-image-box-wrapper{text-align:start;flex-direction:row}.elementor-widget-image-box.elementor-position-top .elementor-image-box-img{margin:auto}.elementor-widget-image-box.elementor-vertical-align-top .elementor-image-box-wrapper{align-items:flex-start}.elementor-widget-image-box.elementor-vertical-align-middle .elementor-image-box-wrapper{align-items:center}.elementor-widget-image-box.elementor-vertical-align-bottom .elementor-image-box-wrapper{align-items:flex-end}}@media (max-width:767px){.elementor-widget-image-box .elementor-image-box-img{margin-left:auto!important;margin-right:auto!important;margin-bottom:15px}}.elementor-widget-image-box .elementor-image-box-img{display:inline-block}.elementor-widget-image-box .elementor-image-box-title a{color:inherit}.elementor-widget-image-box .elementor-image-box-wrapper{text-align:center}.elementor-widget-image-box .elementor-image-box-description{margin:0}<\/style><div class=\"elementor-image-box-wrapper\"><figure class=\"elementor-image-box-img\"><img fetchpriority=\"high\" decoding=\"async\" width=\"2560\" height=\"1707\" src=\"https:\/\/west-coastentin.com\/wp-content\/uploads\/2025\/06\/F201862-scaled.jpg\" class=\"attachment-full size-full wp-image-1201\" alt=\"\" srcset=\"https:\/\/west-coastentin.com\/wp-content\/uploads\/2025\/06\/F201862-scaled.jpg 2560w, https:\/\/west-coastentin.com\/wp-content\/uploads\/2025\/06\/F201862-400x267.jpg 400w, https:\/\/west-coastentin.com\/wp-content\/uploads\/2025\/06\/F201862-1024x683.jpg 1024w, https:\/\/west-coastentin.com\/wp-content\/uploads\/2025\/06\/F201862-768x512.jpg 768w, https:\/\/west-coastentin.com\/wp-content\/uploads\/2025\/06\/F201862-1536x1024.jpg 1536w, https:\/\/west-coastentin.com\/wp-content\/uploads\/2025\/06\/F201862-2048x1365.jpg 2048w, https:\/\/west-coastentin.com\/wp-content\/uploads\/2025\/06\/F201862-600x400.jpg 600w\" sizes=\"(max-width: 2560px) 100vw, 2560px\" \/><\/figure><div class=\"elementor-image-box-content\"><h3 class=\"elementor-image-box-title\">FOIL ULTRA: A partir de 895 \u20ac<\/h3><p class=\"elementor-image-box-description\">Le plus polyvalent du march\u00e9 il se d\u00e9cline avec 5 ailes diff\u00e9rentes, 550, 700, 850, 950, 1150.\n 2 stabiliseurs possible, 200 et 180.  4 tailles de mat: 65, 75, 85, 95 ( platine int\u00e9gr\u00e9e ), la possibilit\u00e9 du m\u00e2t carbone 85 ou 95, et la possibilit\u00e9 d'avoir les housses pour mats, ailes et stab. <br>NOTA: les adeptes du petit temps, les surf-foileurs et paddle-foileurs pourront se tourner vers l'ailes du foil<b> XTRA DOWNWIND 1450<\/b>, qui s'adapte sur le fuselage.<br>Tous ces foils sont tr\u00e8s stables et tr\u00e8s rapides, d\u00e9part en vol tr\u00e8s accessible et rapide.<\/p><\/div><\/div>\t\t<\/div>\n\t\t\t\t<\/div>\n\t\t<div class=\"elementor-element elementor-element-d7ae0f1 e-con-full e-flex e-con e-child\" data-id=\"d7ae0f1\" data-element_type=\"container\">\n\t\t\t\t<div class=\"elementor-element elementor-element-15760d1 elementor-position-left elementor-vertical-align-top elementor-widget elementor-widget-image-box\" data-id=\"15760d1\" data-element_type=\"widget\" data-widget_type=\"image-box.default\">\n\t\t\t\t<div class=\"elementor-widget-container\">\n\t\t\t<div class=\"elementor-image-box-wrapper\"><figure class=\"elementor-image-box-img\"><img decoding=\"async\" width=\"1398\" height=\"1854\" src=\"https:\/\/west-coastentin.com\/wp-content\/uploads\/2025\/06\/foil-early-bird-vent-leger-pour-la-wing.jpg\" class=\"attachment-full size-full wp-image-1202\" alt=\"\" srcset=\"https:\/\/west-coastentin.com\/wp-content\/uploads\/2025\/06\/foil-early-bird-vent-leger-pour-la-wing.jpg 1398w, https:\/\/west-coastentin.com\/wp-content\/uploads\/2025\/06\/foil-early-bird-vent-leger-pour-la-wing-302x400.jpg 302w, https:\/\/west-coastentin.com\/wp-content\/uploads\/2025\/06\/foil-early-bird-vent-leger-pour-la-wing-772x1024.jpg 772w, https:\/\/west-coastentin.com\/wp-content\/uploads\/2025\/06\/foil-early-bird-vent-leger-pour-la-wing-768x1019.jpg 768w, https:\/\/west-coastentin.com\/wp-content\/uploads\/2025\/06\/foil-early-bird-vent-leger-pour-la-wing-1158x1536.jpg 1158w, https:\/\/west-coastentin.com\/wp-content\/uploads\/2025\/06\/foil-early-bird-vent-leger-pour-la-wing-600x796.jpg 600w\" sizes=\"(max-width: 1398px) 100vw, 1398px\" \/><\/figure><div class=\"elementor-image-box-content\"><h3 class=\"elementor-image-box-title\">FOIL EARLY BIRD\/ a partir de 795\u20ac<\/h3><p class=\"elementor-image-box-description\">Plus orient\u00e9 vers la progression, et le wingfoil, ce foil se d\u00e9cline en deux tailles 1490 et 1950 et son stabiliseur EB 485, se monte \u00e9galement sur le m\u00eame fuselage. Cela reste un foil rapide et performant.\n\n\n\nPour tous ces foils, toutes les pi\u00e8ces d\u00e9tach\u00e9s sont disponibles sur le site du fabriquant.<\/p><\/div><\/div>\t\t<\/div>\n\t\t\t\t<\/div>\n\t\t<div class=\"elementor-element elementor-element-8957be6 e-con-full e-flex e-con e-child\" data-id=\"8957be6\" data-element_type=\"container\">\n\t\t\t\t<div class=\"elementor-element elementor-element-4a68418 elementor-position-right elementor-vertical-align-top elementor-widget elementor-widget-image-box\" data-id=\"4a68418\" data-element_type=\"widget\" data-widget_type=\"image-box.default\">\n\t\t\t\t<div class=\"elementor-widget-container\">\n\t\t\t<div class=\"elementor-image-box-wrapper\"><figure class=\"elementor-image-box-img\"><img decoding=\"async\" src=\"https:\/\/west-coastentin.com\/wp-content\/plugins\/elementor\/assets\/images\/placeholder.png\" title=\"\" alt=\"\" loading=\"lazy\" \/><\/figure><div class=\"elementor-image-box-content\"><h3 class=\"elementor-image-box-title\">Foil Ultra Race: A partir de 1650 \u20ac<\/h3><p class=\"elementor-image-box-description\">Foil de race kitefoil et wingfoil, tout l'ensemble est enti\u00e8rement en carbone, mat sp\u00e9cialement renforc\u00e9 pour la race 85 ou 95, ce foil de tr\u00e8s haute performance. Aile de taille 550.<\/p><\/div><\/div>\t\t<\/div>\n\t\t\t\t<\/div>\n\t\t\t\t<\/div>\n\t\t\t\t<\/div>\n\t\t\t\t<\/div>\n\t\t\t\t<\/div>\n\t\t\t\t\t<\/div>\n\t\t\t\t<\/div>\n\t\t\t\t<\/div>\n\t\t","protected":false},"excerpt":{"rendered":"<p>LES FOILS KITES ATTITUDE M\u00eame intelligence de conception que pour les barres, le fuselage KITE ATTITUDE s&rsquo;adapte \u00e0 tous les foils de la marque. La finition de tous les foils est exceptionnelle, une tr\u00e8s belle qualit\u00e9.\u00a0 Nous mettons en avant la gamme de foils Ultra qui avec ces 4 ailes et 2 stab, permet de [&hellip;]<\/p>\n","protected":false},"author":1,"featured_media":0,"parent":0,"menu_order":0,"comment_status":"closed","ping_status":"closed","template":"","meta":{"footnotes":""},"class_list":["post-1199","page","type-page","status-publish","hentry","entry","owp-thumbs-layout-horizontal","owp-btn-normal","owp-tabs-layout-horizontal","has-no-thumbnails","has-product-nav"],"_links":{"self":[{"href":"https:\/\/west-coastentin.com\/index.php\/wp-json\/wp\/v2\/pages\/1199","targetHints":{"allow":["GET"]}}],"collection":[{"href":"https:\/\/west-coastentin.com\/index.php\/wp-json\/wp\/v2\/pages"}],"about":[{"href":"https:\/\/west-coastentin.com\/index.php\/wp-json\/wp\/v2\/types\/page"}],"author":[{"embeddable":true,"href":"https:\/\/west-coastentin.com\/index.php\/wp-json\/wp\/v2\/users\/1"}],"replies":[{"embeddable":true,"href":"https:\/\/west-coastentin.com\/index.php\/wp-json\/wp\/v2\/comments?post=1199"}],"version-history":[{"count":4,"href":"https:\/\/west-coastentin.com\/index.php\/wp-json\/wp\/v2\/pages\/1199\/revisions"}],"predecessor-version":[{"id":1217,"href":"https:\/\/west-coastentin.com\/index.php\/wp-json\/wp\/v2\/pages\/1199\/revisions\/1217"}],"wp:attachment":[{"href":"https:\/\/west-coastentin.com\/index.php\/wp-json\/wp\/v2\/media?parent=1199"}],"curies":[{"name":"wp","href":"https:\/\/api.w.org\/{rel}","templated":true}]}}