{"id":1192,"date":"2025-06-12T08:53:47","date_gmt":"2025-06-12T06:53:47","guid":{"rendered":"https:\/\/west-coastentin.com\/?page_id=1192"},"modified":"2025-06-12T09:05:49","modified_gmt":"2025-06-12T07:05:49","slug":"kite-attitude-foils-et-barres","status":"publish","type":"page","link":"https:\/\/west-coastentin.com\/index.php\/kite-attitude-foils-et-barres\/","title":{"rendered":"KITE ATTITUDE FOILS ET BARRES"},"content":{"rendered":"\t\t<div data-elementor-type=\"wp-page\" data-elementor-id=\"1192\" class=\"elementor elementor-1192\">\n\t\t\t\t<div class=\"elementor-element elementor-element-72b71bd e-flex e-con-boxed e-con e-parent\" data-id=\"72b71bd\" data-element_type=\"container\">\n\t\t\t\t\t<div class=\"e-con-inner\">\n\t\t\t\t<div class=\"elementor-element elementor-element-bbd2d33 elementor-widget elementor-widget-heading\" data-id=\"bbd2d33\" data-element_type=\"widget\" data-widget_type=\"heading.default\">\n\t\t\t\t<div class=\"elementor-widget-container\">\n\t\t\t<style>\/*! elementor - v3.23.0 - 15-07-2024 *\/\n.elementor-heading-title{padding:0;margin:0;line-height:1}.elementor-widget-heading .elementor-heading-title[class*=elementor-size-]>a{color:inherit;font-size:inherit;line-height:inherit}.elementor-widget-heading .elementor-heading-title.elementor-size-small{font-size:15px}.elementor-widget-heading .elementor-heading-title.elementor-size-medium{font-size:19px}.elementor-widget-heading .elementor-heading-title.elementor-size-large{font-size:29px}.elementor-widget-heading .elementor-heading-title.elementor-size-xl{font-size:39px}.elementor-widget-heading .elementor-heading-title.elementor-size-xxl{font-size:59px}<\/style><h2 class=\"elementor-heading-title elementor-size-default\">KITE ATTITUDE: PRODUCTION INTELLIGENTE ET DE QUALITE, A DES PRIX COHERENTS<\/h2>\t\t<\/div>\n\t\t\t\t<\/div>\n\t\t<div class=\"elementor-element elementor-element-4210371 e-con-full e-flex e-con e-child\" data-id=\"4210371\" data-element_type=\"container\">\n\t\t\t\t<div class=\"elementor-element elementor-element-c433d87 elementor-position-right elementor-vertical-align-top elementor-widget elementor-widget-image-box\" data-id=\"c433d87\" data-element_type=\"widget\" data-widget_type=\"image-box.default\">\n\t\t\t\t<div class=\"elementor-widget-container\">\n\t\t\t<style>\/*! elementor - v3.23.0 - 15-07-2024 *\/\n.elementor-widget-image-box .elementor-image-box-content{width:100%}@media (min-width:768px){.elementor-widget-image-box.elementor-position-left .elementor-image-box-wrapper,.elementor-widget-image-box.elementor-position-right .elementor-image-box-wrapper{display:flex}.elementor-widget-image-box.elementor-position-right .elementor-image-box-wrapper{text-align:end;flex-direction:row-reverse}.elementor-widget-image-box.elementor-position-left .elementor-image-box-wrapper{text-align:start;flex-direction:row}.elementor-widget-image-box.elementor-position-top .elementor-image-box-img{margin:auto}.elementor-widget-image-box.elementor-vertical-align-top .elementor-image-box-wrapper{align-items:flex-start}.elementor-widget-image-box.elementor-vertical-align-middle .elementor-image-box-wrapper{align-items:center}.elementor-widget-image-box.elementor-vertical-align-bottom .elementor-image-box-wrapper{align-items:flex-end}}@media (max-width:767px){.elementor-widget-image-box .elementor-image-box-img{margin-left:auto!important;margin-right:auto!important;margin-bottom:15px}}.elementor-widget-image-box .elementor-image-box-img{display:inline-block}.elementor-widget-image-box .elementor-image-box-title a{color:inherit}.elementor-widget-image-box .elementor-image-box-wrapper{text-align:center}.elementor-widget-image-box .elementor-image-box-description{margin:0}<\/style><div class=\"elementor-image-box-wrapper\"><figure class=\"elementor-image-box-img\"><img fetchpriority=\"high\" decoding=\"async\" width=\"793\" height=\"529\" src=\"https:\/\/west-coastentin.com\/wp-content\/uploads\/2025\/06\/barres-totem.jpg\" class=\"attachment-full size-full wp-image-1194\" alt=\"\" srcset=\"https:\/\/west-coastentin.com\/wp-content\/uploads\/2025\/06\/barres-totem.jpg 793w, https:\/\/west-coastentin.com\/wp-content\/uploads\/2025\/06\/barres-totem-400x267.jpg 400w, https:\/\/west-coastentin.com\/wp-content\/uploads\/2025\/06\/barres-totem-768x512.jpg 768w, https:\/\/west-coastentin.com\/wp-content\/uploads\/2025\/06\/barres-totem-600x400.jpg 600w\" sizes=\"(max-width: 793px) 100vw, 793px\" \/><\/figure><div class=\"elementor-image-box-content\"><h3 class=\"elementor-image-box-title\">LES BARRES UNIVERSELLES TOTEM<\/h3><p class=\"elementor-image-box-description\">.Les barres TOTEM, polyvalentes adaptables \u00e0 toutes les ailes, proposes des solutions simples et intelligentes pour n'avoir qu'une seule barre pour toutes vos pratiques dans le kite, \u00e0 des prix raisonnables.<br>Simples et solides elles apporte une solution simple de r\u00e9glage de largeur de barre avec des pattes d'oies d\u00e9pla\u00e7ables en fonction de votre surface d'aile. Plusieurs mod\u00e8les avec des options de choix en fonction du prix. Bord\u00e9  choqu\u00e9 important, trim d\u00e9power tr\u00e8s efficace.<\/p><\/div><\/div>\t\t<\/div>\n\t\t\t\t<\/div>\n\t\t<div class=\"elementor-element elementor-element-d0b03ad e-con-full e-flex e-con e-child\" data-id=\"d0b03ad\" data-element_type=\"container\">\n\t\t\t\t<div class=\"elementor-element elementor-element-687034e elementor-position-left elementor-vertical-align-top elementor-widget elementor-widget-image-box\" data-id=\"687034e\" data-element_type=\"widget\" data-widget_type=\"image-box.default\">\n\t\t\t\t<div class=\"elementor-widget-container\">\n\t\t\t<div class=\"elementor-image-box-wrapper\"><figure class=\"elementor-image-box-img\"><img decoding=\"async\" width=\"250\" height=\"250\" src=\"https:\/\/west-coastentin.com\/wp-content\/uploads\/2025\/06\/barre-universelle-totem.jpg\" class=\"attachment-full size-full wp-image-1195\" alt=\"\" srcset=\"https:\/\/west-coastentin.com\/wp-content\/uploads\/2025\/06\/barre-universelle-totem.jpg 250w, https:\/\/west-coastentin.com\/wp-content\/uploads\/2025\/06\/barre-universelle-totem-150x150.jpg 150w, https:\/\/west-coastentin.com\/wp-content\/uploads\/2025\/06\/barre-universelle-totem-100x100.jpg 100w\" sizes=\"(max-width: 250px) 100vw, 250px\" \/><\/figure><div class=\"elementor-image-box-content\"><h3 class=\"elementor-image-box-title\">TOTEM VARIO ACCES: 279 \u20ac <\/h3><p class=\"elementor-image-box-description\">- 3 tailles de chicken loop: S \/ M \/ XS\n- 3 tailles de barre: 43\/55, 48\/60, 53\/65\n- option 5\u00e8me lignes\n- 2 tailles de ligne: 22m, 24 m\n- 2 r\u00e9sistances de ligne: 425 kgs, 300 kgs\n- Option montage V ou Y\n-  largueur AKA 2<\/p><\/div><\/div>\t\t<\/div>\n\t\t\t\t<\/div>\n\t\t\t\t<div class=\"elementor-element elementor-element-fe3347f elementor-position-right elementor-vertical-align-top elementor-widget elementor-widget-image-box\" data-id=\"fe3347f\" data-element_type=\"widget\" data-widget_type=\"image-box.default\">\n\t\t\t\t<div class=\"elementor-widget-container\">\n\t\t\t<div class=\"elementor-image-box-wrapper\"><figure class=\"elementor-image-box-img\"><img decoding=\"async\" width=\"1125\" height=\"750\" src=\"https:\/\/west-coastentin.com\/wp-content\/uploads\/2025\/06\/barre-universelle-totem-vario-plus-1.jpg\" class=\"attachment-full size-full wp-image-1196\" alt=\"\" srcset=\"https:\/\/west-coastentin.com\/wp-content\/uploads\/2025\/06\/barre-universelle-totem-vario-plus-1.jpg 1125w, https:\/\/west-coastentin.com\/wp-content\/uploads\/2025\/06\/barre-universelle-totem-vario-plus-1-400x267.jpg 400w, https:\/\/west-coastentin.com\/wp-content\/uploads\/2025\/06\/barre-universelle-totem-vario-plus-1-1024x683.jpg 1024w, https:\/\/west-coastentin.com\/wp-content\/uploads\/2025\/06\/barre-universelle-totem-vario-plus-1-768x512.jpg 768w, https:\/\/west-coastentin.com\/wp-content\/uploads\/2025\/06\/barre-universelle-totem-vario-plus-1-600x400.jpg 600w\" sizes=\"(max-width: 1125px) 100vw, 1125px\" \/><\/figure><div class=\"elementor-image-box-content\"><h3 class=\"elementor-image-box-title\">TOTEM VARIO PLUS: 329 \u20ac<\/h3><p class=\"elementor-image-box-description\">- 3 tailles de chicken loop: S \/ M \/ XS\n- 3 tailles de barre: 43\/55, 48\/60, 53\/65\n- option 5\u00e8me lignes\n- 4 tailles de ligne: 17m, 19 m, 22m, 24 m\n- 3 r\u00e9sistances de ligne: 425 kgs, 300 kgs, 495 kgs\n- Option montage V ou Y\n- largueur  AKA 3<\/p><\/div><\/div>\t\t<\/div>\n\t\t\t\t<\/div>\n\t\t<div class=\"elementor-element elementor-element-5561dc3 e-con-full e-flex e-con e-child\" data-id=\"5561dc3\" data-element_type=\"container\">\n\t\t\t\t<div class=\"elementor-element elementor-element-68a7782 elementor-position-left elementor-vertical-align-top elementor-widget elementor-widget-image-box\" data-id=\"68a7782\" data-element_type=\"widget\" data-widget_type=\"image-box.default\">\n\t\t\t\t<div class=\"elementor-widget-container\">\n\t\t\t<div class=\"elementor-image-box-wrapper\"><figure class=\"elementor-image-box-img\"><img loading=\"lazy\" decoding=\"async\" width=\"458\" height=\"458\" src=\"https:\/\/west-coastentin.com\/wp-content\/uploads\/2025\/06\/barre-universelle-totem-vario-pro-model.jpg\" class=\"attachment-full size-full wp-image-1197\" alt=\"\" srcset=\"https:\/\/west-coastentin.com\/wp-content\/uploads\/2025\/06\/barre-universelle-totem-vario-pro-model.jpg 458w, https:\/\/west-coastentin.com\/wp-content\/uploads\/2025\/06\/barre-universelle-totem-vario-pro-model-400x400.jpg 400w, https:\/\/west-coastentin.com\/wp-content\/uploads\/2025\/06\/barre-universelle-totem-vario-pro-model-150x150.jpg 150w, https:\/\/west-coastentin.com\/wp-content\/uploads\/2025\/06\/barre-universelle-totem-vario-pro-model-300x300.jpg 300w, https:\/\/west-coastentin.com\/wp-content\/uploads\/2025\/06\/barre-universelle-totem-vario-pro-model-100x100.jpg 100w\" sizes=\"(max-width: 458px) 100vw, 458px\" \/><\/figure><div class=\"elementor-image-box-content\"><h3 class=\"elementor-image-box-title\">TOTEM VARIO PRO: 359\u20ac<\/h3><p class=\"elementor-image-box-description\">- 2 couleurs possibles\n- 4 tailles de chicken loop: S \/ M \/ L \/ XS\n- 3 tailles de barre: 43\/55, 48\/60, 53\/65\n- option 5\u00e8me lignes\n- 3 tailles de ligne: 17m, 22m, 24 m\n- 3 r\u00e9sistances de ligne: 425 kgs, 300 kgs, 495 kgs\n- Option montage V ou Y\n- mati\u00e8re ligne  dyn\u00e9ma\n- Gainage lignes avant<\/p><\/div><\/div>\t\t<\/div>\n\t\t\t\t<\/div>\n\t\t<div class=\"elementor-element elementor-element-9587ac0 e-con-full e-flex e-con e-child\" data-id=\"9587ac0\" data-element_type=\"container\">\n\t\t\t\t<div class=\"elementor-element elementor-element-d10629e elementor-position-right elementor-vertical-align-top elementor-widget elementor-widget-image-box\" data-id=\"d10629e\" data-element_type=\"widget\" data-widget_type=\"image-box.default\">\n\t\t\t\t<div class=\"elementor-widget-container\">\n\t\t\t<div class=\"elementor-image-box-wrapper\"><figure class=\"elementor-image-box-img\"><img loading=\"lazy\" decoding=\"async\" width=\"250\" height=\"250\" src=\"https:\/\/west-coastentin.com\/wp-content\/uploads\/2025\/06\/barre-universelle-carbone-ultra.jpg\" class=\"attachment-full size-full wp-image-1198\" alt=\"\" srcset=\"https:\/\/west-coastentin.com\/wp-content\/uploads\/2025\/06\/barre-universelle-carbone-ultra.jpg 250w, https:\/\/west-coastentin.com\/wp-content\/uploads\/2025\/06\/barre-universelle-carbone-ultra-150x150.jpg 150w, https:\/\/west-coastentin.com\/wp-content\/uploads\/2025\/06\/barre-universelle-carbone-ultra-100x100.jpg 100w\" sizes=\"(max-width: 250px) 100vw, 250px\" \/><\/figure><div class=\"elementor-image-box-content\"><h3 class=\"elementor-image-box-title\">AUTRES BARRES PRODUITES<\/h3><p class=\"elementor-image-box-description\">-<b><u> BARRE RACE FOIL V3.3: 359 \u20ac<\/u><\/b>= 5 tailles de barres, 8 tailles de lignes, 2 r\u00e9sistances de lignes. \n-<b><u> BARRE CARBON ULTRA V2: 445\u20ac<\/u><\/b> = 2 tailles de chicken loop, 4 tailles de barre, 2 longueurs de lignes, 2 r\u00e9sistances de lignes.<br>-<b><u> RALLONGES ET PIECES DETACHEES<\/u><\/b>: Toutes sortes de rallonges existes pour les diff\u00e9rentes barres ainsi que toutes les pi\u00e8ces d\u00e9tach\u00e9es a voir sur le site<\/p><\/div><\/div>\t\t<\/div>\n\t\t\t\t<\/div>\n\t\t\t\t<\/div>\n\t\t\t\t<\/div>\n\t\t<div class=\"elementor-element elementor-element-1390bba e-con-full e-flex e-con e-child\" data-id=\"1390bba\" data-element_type=\"container\">\n\t\t\t\t<\/div>\n\t\t\t\t<\/div>\n\t\t\t\t<\/div>\n\t\t\t\t\t<\/div>\n\t\t\t\t<\/div>\n\t\t\t\t<\/div>\n\t\t","protected":false},"excerpt":{"rendered":"<p>KITE ATTITUDE: PRODUCTION INTELLIGENTE ET DE QUALITE, A DES PRIX COHERENTS LES BARRES UNIVERSELLES TOTEM .Les barres TOTEM, polyvalentes adaptables \u00e0 toutes les ailes, proposes des solutions simples et intelligentes pour n&rsquo;avoir qu&rsquo;une seule barre pour toutes vos pratiques dans le kite, \u00e0 des prix raisonnables.Simples et solides elles apporte une solution simple de r\u00e9glage [&hellip;]<\/p>\n","protected":false},"author":1,"featured_media":0,"parent":0,"menu_order":0,"comment_status":"closed","ping_status":"closed","template":"","meta":{"footnotes":""},"class_list":["post-1192","page","type-page","status-publish","hentry","entry","owp-thumbs-layout-horizontal","owp-btn-normal","owp-tabs-layout-horizontal","has-no-thumbnails","has-product-nav"],"_links":{"self":[{"href":"https:\/\/west-coastentin.com\/index.php\/wp-json\/wp\/v2\/pages\/1192","targetHints":{"allow":["GET"]}}],"collection":[{"href":"https:\/\/west-coastentin.com\/index.php\/wp-json\/wp\/v2\/pages"}],"about":[{"href":"https:\/\/west-coastentin.com\/index.php\/wp-json\/wp\/v2\/types\/page"}],"author":[{"embeddable":true,"href":"https:\/\/west-coastentin.com\/index.php\/wp-json\/wp\/v2\/users\/1"}],"replies":[{"embeddable":true,"href":"https:\/\/west-coastentin.com\/index.php\/wp-json\/wp\/v2\/comments?post=1192"}],"version-history":[{"count":4,"href":"https:\/\/west-coastentin.com\/index.php\/wp-json\/wp\/v2\/pages\/1192\/revisions"}],"predecessor-version":[{"id":1226,"href":"https:\/\/west-coastentin.com\/index.php\/wp-json\/wp\/v2\/pages\/1192\/revisions\/1226"}],"wp:attachment":[{"href":"https:\/\/west-coastentin.com\/index.php\/wp-json\/wp\/v2\/media?parent=1192"}],"curies":[{"name":"wp","href":"https:\/\/api.w.org\/{rel}","templated":true}]}}